{"id":146,"date":"2016-03-15T16:23:28","date_gmt":"2016-03-15T15:23:28","guid":{"rendered":"http:\/\/bateau-ivre.fr\/poitiers\/?page_id=146"},"modified":"2023-12-14T00:12:12","modified_gmt":"2023-12-13T23:12:12","slug":"restaurant","status":"publish","type":"page","link":"https:\/\/bateau-ivre.fr\/poitiers\/restaurant\/","title":{"rendered":"Restaurant"},"content":{"rendered":"<p>[vc_row][vc_column][vc_column_text]<section  class=\"\"><div class=\"container\"><\/p>\n<div>\n<div>\n<p>Le restaurant se concentre sur le vin avec une approche culinaire centr\u00e9e sur la bistronomie.<br \/>\nTous nos plats sont pr\u00e9par\u00e9s \u00e0 partir de produits frais de saison, cuisin\u00e9s sur place, garantissant ainsi une carte r\u00e9guli\u00e8rement renouvel\u00e9e pour vous faire d\u00e9couvrir de nouvelles cr\u00e9ations culinaires en fonction des saisons.<\/p>\n<\/div>\n<\/div>\n<p>&nbsp;<\/p>\n<p><\/div><\/section><section id=bipcarte class=\"bg-azur\"><div class=\"container\"><\/p>\n<p style=\"text-align: left;\"><span style=\"color: #000000;\"><span style=\"color: #000000;\">La <strong>terrasse<\/strong> sera accessible au public en fonction de la <strong>m\u00e9t\u00e9o<\/strong> du jour. Nous vous sugg\u00e9rons de contacter le restaurant au <strong>05.49.41.33.33<\/strong> \u00e0 partir de 10 heures pour en savoir plus.<\/span><\/span><\/p>\n<p style=\"text-align: left;\">La <strong>vente \u00e0 emporter<\/strong> est toujours disponible dans nos restaurants, il vous suffit de commander sur l&#8217;espace <strong>Drive<\/strong> du site internet ou de contacter le <span style=\"color: #000000;\"><b>05.49.41.33.33<\/b><\/span><\/p>\n<h3 style=\"text-align: center;\">Consulter la carte des plats et des boissons :<\/h3>\n<p><a href=\"https:\/\/bateau-ivre.fr\/les-cartes\/\" target=\"_blank\" rel=\"noopener noreferrer\"><img loading=\"lazy\" decoding=\"async\" class=\"aligncenter wp-image-214 size-medium\" src=\"https:\/\/bateau-ivre.fr\/poitiers\/wp-content\/uploads\/sites\/2\/2016\/03\/carte-restaurant-poitiers-201609-300x200.jpg\" alt=\"carte-restaurant-poitiers-201702\" width=\"300\" height=\"200\" srcset=\"https:\/\/bateau-ivre.fr\/poitiers\/wp-content\/uploads\/sites\/2\/2016\/03\/carte-restaurant-poitiers-201609-300x200.jpg 300w, https:\/\/bateau-ivre.fr\/poitiers\/wp-content\/uploads\/sites\/2\/2016\/03\/carte-restaurant-poitiers-201609-768x512.jpg 768w, https:\/\/bateau-ivre.fr\/poitiers\/wp-content\/uploads\/sites\/2\/2016\/03\/carte-restaurant-poitiers-201609.jpg 800w\" sizes=\"auto, (max-width: 300px) 100vw, 300px\" \/><\/a><\/p>\n<p>&nbsp;<\/p>\n<p><\/div><\/section><section  class=\"\"><div class=\"container\"><\/p>\n<div>\n<div>\n<p>Au restaurant, une myriade de nectars vous attend au verre : une dizaine de blancs et ros\u00e9s au verre et une dizaine de vins rouges au verre, s\u00e9lectionn\u00e9s avec soin selon la th\u00e9matique saisonni\u00e8re, renouvel\u00e9e tous les 2\/3 cycles lunaires.<\/p>\n<\/div>\n<div>\n<p><img loading=\"lazy\" decoding=\"async\" class=\"aligncenter size-medium wp-image-204\" src=\"https:\/\/bateau-ivre.fr\/poitiers\/wp-content\/uploads\/sites\/2\/2016\/03\/cave-bateau-ivre-poitiers-07-225x300.jpg\" alt=\"\" width=\"225\" height=\"300\" srcset=\"https:\/\/bateau-ivre.fr\/poitiers\/wp-content\/uploads\/sites\/2\/2016\/03\/cave-bateau-ivre-poitiers-07-225x300.jpg 225w, https:\/\/bateau-ivre.fr\/poitiers\/wp-content\/uploads\/sites\/2\/2016\/03\/cave-bateau-ivre-poitiers-07.jpg 480w\" sizes=\"auto, (max-width: 225px) 100vw, 225px\" \/>Et pour les amateurs de qu\u00eates plus aventureuses, l&#8217;acc\u00e8s \u00e0 notre cave leur offre le choix de flacons dignes des plus grands exploits. Guid\u00e9 par nos sommeliers, \u0153nologues et cavistes, vous pourrez choisir votre nectar et le savourer \u00e0 table, pour un suppl\u00e9ment de 12 euros TTC par rapport au prix boutique. Imaginez votre qu\u00eate pour un C\u00f4tes du Rh\u00f4ne ou un Grand Cru du Bordelais, et en un tour de magie, vous voil\u00e0 r\u00e9confort\u00e9 par un magnifique Cornas de chez Durand \u00e0 47\u20ac (35 euros TTC prix cave + 12\u20ac) ou un majestueux Magnum de Saint \u00c9milion Grand Cru Class\u00e9 du Ch\u00e2teau Le Prieur\u00e9 \u00e0 122\u20ac (110 euros TTC prix cave + 12\u20ac). L&#8217;arcane de la cave vous offre un choix de 800 r\u00e9f\u00e9rences pour une aventure gustative sans pareil.<\/p>\n<\/div>\n<\/div>\n<p>&nbsp;<\/p>\n<h3>Horaires<\/h3>\n<p>Nous vous accueillons en terrasse du lundi au samedi de 10 heures \u00e0 21 heures ;<\/p>\n<p>Vous pouvez \u00e9galement commander des plats \u00e0 emporter \u00e0 partir de 10 heures jusqu&#8217;\u00e0 21 heures.<\/p>\n<p>&nbsp;<\/p>\n<h3>Tarifs\u00a0:<\/h3>\n<p>Nos plats sont entre 13 et 28 euros TTC chacun.<\/p>\n<p>Les entr\u00e9es et desserts sont entre 8 et 17 euros TTC.<\/p>\n<div>\n<div>\n<p>Vous pouvez \u00e9galement profiter de notre plat de l&#8217;ardoise, exclusivement du lundi au vendredi \u00e0 midi. Il est accompagn\u00e9 d&#8217;un verre de vin et est propos\u00e9 \u00e0 14 euros TTC. Vous pouvez \u00e9galement opter pour un menu complet \u00e0 22 euros TTC, qui comprend une entr\u00e9e, un plat, un dessert et une boisson. Si vous souhaitez ajouter une entr\u00e9e ou un dessert, le prix passe \u00e0 18 euros TTC.<\/p>\n<\/div>\n<\/div>\n<p>&nbsp;<\/p>\n<h3>Les salles\u00a0:<\/h3>\n<p>Nous avons trois salles diff\u00e9rentes et la cave.<\/p>\n<p>&nbsp;<\/p>\n<div id='gallery-1' class='gallery galleryid-146 gallery-columns-2 gallery-size-large'><dl class='gallery-item'>\n\t\t\t<dt class='gallery-icon landscape'>\n\t\t\t\t<a rel=\"prettyPhoto[gallery]\" href='https:\/\/bateau-ivre.fr\/poitiers\/wp-content\/uploads\/sites\/2\/2021\/05\/IMAG1492-scaled.jpeg'><img loading=\"lazy\" decoding=\"async\" width=\"600\" height=\"339\" src=\"https:\/\/bateau-ivre.fr\/poitiers\/wp-content\/uploads\/sites\/2\/2021\/05\/IMAG1492-1024x579.jpeg\" class=\"attachment-large size-large\" alt=\"\" srcset=\"https:\/\/bateau-ivre.fr\/poitiers\/wp-content\/uploads\/sites\/2\/2021\/05\/IMAG1492-1024x579.jpeg 1024w, https:\/\/bateau-ivre.fr\/poitiers\/wp-content\/uploads\/sites\/2\/2021\/05\/IMAG1492-300x170.jpeg 300w, https:\/\/bateau-ivre.fr\/poitiers\/wp-content\/uploads\/sites\/2\/2021\/05\/IMAG1492-768x434.jpeg 768w, https:\/\/bateau-ivre.fr\/poitiers\/wp-content\/uploads\/sites\/2\/2021\/05\/IMAG1492-1536x869.jpeg 1536w, https:\/\/bateau-ivre.fr\/poitiers\/wp-content\/uploads\/sites\/2\/2021\/05\/IMAG1492-2048x1158.jpeg 2048w\" sizes=\"auto, (max-width: 600px) 100vw, 600px\" \/><\/a>\n\t\t\t<\/dt><\/dl><dl class='gallery-item'>\n\t\t\t<dt class='gallery-icon landscape'>\n\t\t\t\t<a rel=\"prettyPhoto[gallery]\" href='https:\/\/bateau-ivre.fr\/poitiers\/wp-content\/uploads\/sites\/2\/2021\/05\/IMAG1466-scaled.jpeg'><img loading=\"lazy\" decoding=\"async\" width=\"600\" height=\"339\" src=\"https:\/\/bateau-ivre.fr\/poitiers\/wp-content\/uploads\/sites\/2\/2021\/05\/IMAG1466-1024x579.jpeg\" class=\"attachment-large size-large\" alt=\"\" srcset=\"https:\/\/bateau-ivre.fr\/poitiers\/wp-content\/uploads\/sites\/2\/2021\/05\/IMAG1466-1024x579.jpeg 1024w, https:\/\/bateau-ivre.fr\/poitiers\/wp-content\/uploads\/sites\/2\/2021\/05\/IMAG1466-300x170.jpeg 300w, https:\/\/bateau-ivre.fr\/poitiers\/wp-content\/uploads\/sites\/2\/2021\/05\/IMAG1466-768x434.jpeg 768w, https:\/\/bateau-ivre.fr\/poitiers\/wp-content\/uploads\/sites\/2\/2021\/05\/IMAG1466-1536x869.jpeg 1536w, https:\/\/bateau-ivre.fr\/poitiers\/wp-content\/uploads\/sites\/2\/2021\/05\/IMAG1466-2048x1158.jpeg 2048w\" sizes=\"auto, (max-width: 600px) 100vw, 600px\" \/><\/a>\n\t\t\t<\/dt><\/dl><br style=\"clear: both\" \/>\n\t\t<\/div>\n\n<h3><\/h3>\n<h3><\/h3>\n<h3>La terrasse\u00a0:<\/h3>\n<p>Avec une capacit\u00e9 de 100 couverts, nous vous accueillons \u00e0 la belle saison midi et soir, ou simplement pour prendre un verre.<\/p>\n<div id='gallery-2' class='gallery galleryid-146 gallery-columns-2 gallery-size-large'><dl class='gallery-item'>\n\t\t\t<dt class='gallery-icon landscape'>\n\t\t\t\t<a rel=\"prettyPhoto[gallery]\" href='https:\/\/bateau-ivre.fr\/poitiers\/wp-content\/uploads\/sites\/2\/2016\/03\/terrasse02.jpg'><img loading=\"lazy\" decoding=\"async\" width=\"600\" height=\"338\" src=\"https:\/\/bateau-ivre.fr\/poitiers\/wp-content\/uploads\/sites\/2\/2016\/03\/terrasse02.jpg\" class=\"attachment-large size-large\" alt=\"\" srcset=\"https:\/\/bateau-ivre.fr\/poitiers\/wp-content\/uploads\/sites\/2\/2016\/03\/terrasse02.jpg 800w, https:\/\/bateau-ivre.fr\/poitiers\/wp-content\/uploads\/sites\/2\/2016\/03\/terrasse02-300x169.jpg 300w, https:\/\/bateau-ivre.fr\/poitiers\/wp-content\/uploads\/sites\/2\/2016\/03\/terrasse02-768x432.jpg 768w\" sizes=\"auto, (max-width: 600px) 100vw, 600px\" \/><\/a>\n\t\t\t<\/dt><\/dl><dl class='gallery-item'>\n\t\t\t<dt class='gallery-icon landscape'>\n\t\t\t\t<a rel=\"prettyPhoto[gallery]\" href='https:\/\/bateau-ivre.fr\/poitiers\/wp-content\/uploads\/sites\/2\/2016\/03\/terrasse01.jpg'><img loading=\"lazy\" decoding=\"async\" width=\"600\" height=\"338\" src=\"https:\/\/bateau-ivre.fr\/poitiers\/wp-content\/uploads\/sites\/2\/2016\/03\/terrasse01.jpg\" class=\"attachment-large size-large\" alt=\"\" srcset=\"https:\/\/bateau-ivre.fr\/poitiers\/wp-content\/uploads\/sites\/2\/2016\/03\/terrasse01.jpg 800w, https:\/\/bateau-ivre.fr\/poitiers\/wp-content\/uploads\/sites\/2\/2016\/03\/terrasse01-300x169.jpg 300w, https:\/\/bateau-ivre.fr\/poitiers\/wp-content\/uploads\/sites\/2\/2016\/03\/terrasse01-768x432.jpg 768w\" sizes=\"auto, (max-width: 600px) 100vw, 600px\" \/><\/a>\n\t\t\t<\/dt><\/dl><br style=\"clear: both\" \/>\n\t\t<\/div>\n\n<h3><\/h3>\n<h3>Services\u00a0:<\/h3>\n<ul>\n<li>Privatisation de salle<\/li>\n<\/ul>\n<p>Il est possible de privatiser les diff\u00e9rentes salles pour une r\u00e9union, un repas ou un cocktail.<\/p>\n<p>Consultez nous pour un devis.<\/p>\n<p>&nbsp;<\/p>\n<p>Salle 1\u00a0:\u00a0 capacit\u00e9 de 20 personnes ou 35 \u00e0 40 personnes<\/p>\n<p>Salle 2\u00a0: 12 \u00e0 19 personnes<\/p>\n<p>Salle 3\u00a0: 35 \u00e0 50 personnes<\/p>\n<p>Cave\u00a0: 6 \u00e0 20 personnes<\/p>\n<p>&nbsp;<\/p>\n<ul>\n<li>Repas ou cocktail d\u00e9gustation<\/li>\n<\/ul>\n<p>Anim\u00e9 par un \u0153nologue ou un sommelier, sur la th\u00e9matique de votre choix.<\/p>\n<p>Consultez nous pour un devis.<\/p>\n<p><\/div><\/section>[\/vc_column_text][\/vc_column][\/vc_row]<\/p>\n","protected":false},"excerpt":{"rendered":"<p>[vc_row][vc_column][vc_column_text][\/vc_column_text][\/vc_column][\/vc_row]<\/p>\n","protected":false},"author":1,"featured_media":102,"parent":0,"menu_order":0,"comment_status":"closed","ping_status":"closed","template":"page-fullscreen.php","meta":{"footnotes":""},"class_list":["post-146","page","type-page","status-publish","has-post-thumbnail","hentry"],"yoast_head":"<!-- This site is optimized with the Yoast SEO plugin v27.4 - https:\/\/yoast.com\/product\/yoast-seo-wordpress\/ -->\n<title>Restaurant - Le Bateau Ivre Poitiers<\/title>\n<meta name=\"robots\" content=\"index, follow, max-snippet:-1, max-image-preview:large, max-video-preview:-1\" \/>\n<link rel=\"canonical\" href=\"https:\/\/bateau-ivre.fr\/poitiers\/restaurant\/\" \/>\n<meta property=\"og:locale\" content=\"fr_FR\" \/>\n<meta property=\"og:type\" content=\"article\" \/>\n<meta property=\"og:title\" content=\"Restaurant - Le Bateau Ivre Poitiers\" \/>\n<meta property=\"og:description\" content=\"[vc_row][vc_column][vc_column_text][\/vc_column_text][\/vc_column][\/vc_row]\" \/>\n<meta property=\"og:url\" content=\"https:\/\/bateau-ivre.fr\/poitiers\/restaurant\/\" \/>\n<meta property=\"og:site_name\" content=\"Le Bateau Ivre Poitiers\" \/>\n<meta property=\"article:modified_time\" content=\"2023-12-13T23:12:12+00:00\" \/>\n<meta property=\"og:image\" content=\"https:\/\/bateau-ivre.fr\/poitiers\/wp-content\/uploads\/sites\/2\/2016\/03\/img-bg.jpg\" \/>\n\t<meta property=\"og:image:width\" content=\"1920\" \/>\n\t<meta property=\"og:image:height\" content=\"300\" \/>\n\t<meta property=\"og:image:type\" content=\"image\/jpeg\" \/>\n<meta name=\"twitter:card\" content=\"summary_large_image\" \/>\n<meta name=\"twitter:label1\" content=\"Dur\u00e9e de lecture estim\u00e9e\" \/>\n\t<meta name=\"twitter:data1\" content=\"3 minutes\" \/>\n<script type=\"application\/ld+json\" class=\"yoast-schema-graph\">{\"@context\":\"https:\\\/\\\/schema.org\",\"@graph\":[{\"@type\":\"WebPage\",\"@id\":\"https:\\\/\\\/bateau-ivre.fr\\\/poitiers\\\/restaurant\\\/\",\"url\":\"https:\\\/\\\/bateau-ivre.fr\\\/poitiers\\\/restaurant\\\/\",\"name\":\"Restaurant - Le Bateau Ivre Poitiers\",\"isPartOf\":{\"@id\":\"https:\\\/\\\/bateau-ivre.fr\\\/poitiers\\\/#website\"},\"primaryImageOfPage\":{\"@id\":\"https:\\\/\\\/bateau-ivre.fr\\\/poitiers\\\/restaurant\\\/#primaryimage\"},\"image\":{\"@id\":\"https:\\\/\\\/bateau-ivre.fr\\\/poitiers\\\/restaurant\\\/#primaryimage\"},\"thumbnailUrl\":\"https:\\\/\\\/bateau-ivre.fr\\\/poitiers\\\/wp-content\\\/uploads\\\/sites\\\/2\\\/2016\\\/03\\\/img-bg.jpg\",\"datePublished\":\"2016-03-15T15:23:28+00:00\",\"dateModified\":\"2023-12-13T23:12:12+00:00\",\"breadcrumb\":{\"@id\":\"https:\\\/\\\/bateau-ivre.fr\\\/poitiers\\\/restaurant\\\/#breadcrumb\"},\"inLanguage\":\"fr-FR\",\"potentialAction\":[{\"@type\":\"ReadAction\",\"target\":[\"https:\\\/\\\/bateau-ivre.fr\\\/poitiers\\\/restaurant\\\/\"]}]},{\"@type\":\"ImageObject\",\"inLanguage\":\"fr-FR\",\"@id\":\"https:\\\/\\\/bateau-ivre.fr\\\/poitiers\\\/restaurant\\\/#primaryimage\",\"url\":\"https:\\\/\\\/bateau-ivre.fr\\\/poitiers\\\/wp-content\\\/uploads\\\/sites\\\/2\\\/2016\\\/03\\\/img-bg.jpg\",\"contentUrl\":\"https:\\\/\\\/bateau-ivre.fr\\\/poitiers\\\/wp-content\\\/uploads\\\/sites\\\/2\\\/2016\\\/03\\\/img-bg.jpg\",\"width\":1920,\"height\":300},{\"@type\":\"BreadcrumbList\",\"@id\":\"https:\\\/\\\/bateau-ivre.fr\\\/poitiers\\\/restaurant\\\/#breadcrumb\",\"itemListElement\":[{\"@type\":\"ListItem\",\"position\":1,\"name\":\"Accueil\",\"item\":\"https:\\\/\\\/bateau-ivre.fr\\\/poitiers\\\/\"},{\"@type\":\"ListItem\",\"position\":2,\"name\":\"Restaurant\"}]},{\"@type\":\"WebSite\",\"@id\":\"https:\\\/\\\/bateau-ivre.fr\\\/poitiers\\\/#website\",\"url\":\"https:\\\/\\\/bateau-ivre.fr\\\/poitiers\\\/\",\"name\":\"Le Bateau Ivre Poitiers\",\"description\":\"Un site utilisant Sites Bateau Ivre\",\"potentialAction\":[{\"@type\":\"SearchAction\",\"target\":{\"@type\":\"EntryPoint\",\"urlTemplate\":\"https:\\\/\\\/bateau-ivre.fr\\\/poitiers\\\/?s={search_term_string}\"},\"query-input\":{\"@type\":\"PropertyValueSpecification\",\"valueRequired\":true,\"valueName\":\"search_term_string\"}}],\"inLanguage\":\"fr-FR\"}]}<\/script>\n<!-- \/ Yoast SEO plugin. -->","yoast_head_json":{"title":"Restaurant - Le Bateau Ivre Poitiers","robots":{"index":"index","follow":"follow","max-snippet":"max-snippet:-1","max-image-preview":"max-image-preview:large","max-video-preview":"max-video-preview:-1"},"canonical":"https:\/\/bateau-ivre.fr\/poitiers\/restaurant\/","og_locale":"fr_FR","og_type":"article","og_title":"Restaurant - Le Bateau Ivre Poitiers","og_description":"[vc_row][vc_column][vc_column_text][\/vc_column_text][\/vc_column][\/vc_row]","og_url":"https:\/\/bateau-ivre.fr\/poitiers\/restaurant\/","og_site_name":"Le Bateau Ivre Poitiers","article_modified_time":"2023-12-13T23:12:12+00:00","og_image":[{"width":1920,"height":300,"url":"https:\/\/bateau-ivre.fr\/poitiers\/wp-content\/uploads\/sites\/2\/2016\/03\/img-bg.jpg","type":"image\/jpeg"}],"twitter_card":"summary_large_image","twitter_misc":{"Dur\u00e9e de lecture estim\u00e9e":"3 minutes"},"schema":{"@context":"https:\/\/schema.org","@graph":[{"@type":"WebPage","@id":"https:\/\/bateau-ivre.fr\/poitiers\/restaurant\/","url":"https:\/\/bateau-ivre.fr\/poitiers\/restaurant\/","name":"Restaurant - Le Bateau Ivre Poitiers","isPartOf":{"@id":"https:\/\/bateau-ivre.fr\/poitiers\/#website"},"primaryImageOfPage":{"@id":"https:\/\/bateau-ivre.fr\/poitiers\/restaurant\/#primaryimage"},"image":{"@id":"https:\/\/bateau-ivre.fr\/poitiers\/restaurant\/#primaryimage"},"thumbnailUrl":"https:\/\/bateau-ivre.fr\/poitiers\/wp-content\/uploads\/sites\/2\/2016\/03\/img-bg.jpg","datePublished":"2016-03-15T15:23:28+00:00","dateModified":"2023-12-13T23:12:12+00:00","breadcrumb":{"@id":"https:\/\/bateau-ivre.fr\/poitiers\/restaurant\/#breadcrumb"},"inLanguage":"fr-FR","potentialAction":[{"@type":"ReadAction","target":["https:\/\/bateau-ivre.fr\/poitiers\/restaurant\/"]}]},{"@type":"ImageObject","inLanguage":"fr-FR","@id":"https:\/\/bateau-ivre.fr\/poitiers\/restaurant\/#primaryimage","url":"https:\/\/bateau-ivre.fr\/poitiers\/wp-content\/uploads\/sites\/2\/2016\/03\/img-bg.jpg","contentUrl":"https:\/\/bateau-ivre.fr\/poitiers\/wp-content\/uploads\/sites\/2\/2016\/03\/img-bg.jpg","width":1920,"height":300},{"@type":"BreadcrumbList","@id":"https:\/\/bateau-ivre.fr\/poitiers\/restaurant\/#breadcrumb","itemListElement":[{"@type":"ListItem","position":1,"name":"Accueil","item":"https:\/\/bateau-ivre.fr\/poitiers\/"},{"@type":"ListItem","position":2,"name":"Restaurant"}]},{"@type":"WebSite","@id":"https:\/\/bateau-ivre.fr\/poitiers\/#website","url":"https:\/\/bateau-ivre.fr\/poitiers\/","name":"Le Bateau Ivre Poitiers","description":"Un site utilisant Sites Bateau Ivre","potentialAction":[{"@type":"SearchAction","target":{"@type":"EntryPoint","urlTemplate":"https:\/\/bateau-ivre.fr\/poitiers\/?s={search_term_string}"},"query-input":{"@type":"PropertyValueSpecification","valueRequired":true,"valueName":"search_term_string"}}],"inLanguage":"fr-FR"}]}},"_links":{"self":[{"href":"https:\/\/bateau-ivre.fr\/poitiers\/wp-json\/wp\/v2\/pages\/146","targetHints":{"allow":["GET"]}}],"collection":[{"href":"https:\/\/bateau-ivre.fr\/poitiers\/wp-json\/wp\/v2\/pages"}],"about":[{"href":"https:\/\/bateau-ivre.fr\/poitiers\/wp-json\/wp\/v2\/types\/page"}],"author":[{"embeddable":true,"href":"https:\/\/bateau-ivre.fr\/poitiers\/wp-json\/wp\/v2\/users\/1"}],"replies":[{"embeddable":true,"href":"https:\/\/bateau-ivre.fr\/poitiers\/wp-json\/wp\/v2\/comments?post=146"}],"version-history":[{"count":62,"href":"https:\/\/bateau-ivre.fr\/poitiers\/wp-json\/wp\/v2\/pages\/146\/revisions"}],"predecessor-version":[{"id":568,"href":"https:\/\/bateau-ivre.fr\/poitiers\/wp-json\/wp\/v2\/pages\/146\/revisions\/568"}],"wp:featuredmedia":[{"embeddable":true,"href":"https:\/\/bateau-ivre.fr\/poitiers\/wp-json\/wp\/v2\/media\/102"}],"wp:attachment":[{"href":"https:\/\/bateau-ivre.fr\/poitiers\/wp-json\/wp\/v2\/media?parent=146"}],"curies":[{"name":"wp","href":"https:\/\/api.w.org\/{rel}","templated":true}]}}