{"id":148,"date":"2016-03-15T16:23:50","date_gmt":"2016-03-15T15:23:50","guid":{"rendered":"http:\/\/bateau-ivre.fr\/poitiers\/?page_id=148"},"modified":"2023-11-23T10:01:46","modified_gmt":"2023-11-23T09:01:46","slug":"bar-a-vins","status":"publish","type":"page","link":"https:\/\/bateau-ivre.fr\/poitiers\/bar-a-vins\/","title":{"rendered":"Bar \u00e0 Vins"},"content":{"rendered":"<p><img loading=\"lazy\" decoding=\"async\" class=\"alignleft size-medium wp-image-181\" src=\"http:\/\/bateau-ivre.fr\/poitiers\/wp-content\/uploads\/sites\/2\/2016\/03\/soir\u00e9eresto2-224x300.jpg\" alt=\"soir\u00e9eresto2\" width=\"224\" height=\"300\" srcset=\"https:\/\/bateau-ivre.fr\/poitiers\/wp-content\/uploads\/sites\/2\/2016\/03\/soir\u00e9eresto2-224x300.jpg 224w, https:\/\/bateau-ivre.fr\/poitiers\/wp-content\/uploads\/sites\/2\/2016\/03\/soir\u00e9eresto2.jpg 478w\" sizes=\"auto, (max-width: 224px) 100vw, 224px\" \/>Au bar, au salon, en terrasse, \u00e0 la cave, nous vous accueillons de 10h le matin \u00e0 minuit pour d\u00e9guster un verre, prendre un th\u00e9, un caf\u00e9&#8230;.<\/p>\n<p>Seul, \u00e0 deux, entre amis, entre coll\u00e8gues \u00e0 la sortie du travail\u2026 venez-vous changer les id\u00e9es et vous d\u00e9tendre au bateau ivre.<\/p>\n<div class=\"clearfix divider-default \"><\/div>\n<p>Nous avons en permanence, une vingtaine de vins au verre, et toute la cave pour les bouteilles.<\/p>\n<p>Nous tenons \u00e0 votre disposition une soixantaine de bi\u00e8res au frais\u00a0: blanches blondes, brunes, ambr\u00e9es, lambics\u2026 belges, allemandes, fran\u00e7aises\u2026<\/p>\n<div id='gallery-1' class='gallery galleryid-148 gallery-columns-2 gallery-size-full'><dl class='gallery-item'>\n\t\t\t<dt class='gallery-icon landscape'>\n\t\t\t\t<img loading=\"lazy\" decoding=\"async\" width=\"800\" height=\"452\" src=\"https:\/\/bateau-ivre.fr\/poitiers\/wp-content\/uploads\/sites\/2\/2016\/03\/bar-a-vins-1.jpg\" class=\"attachment-full size-full\" alt=\"\" srcset=\"https:\/\/bateau-ivre.fr\/poitiers\/wp-content\/uploads\/sites\/2\/2016\/03\/bar-a-vins-1.jpg 800w, https:\/\/bateau-ivre.fr\/poitiers\/wp-content\/uploads\/sites\/2\/2016\/03\/bar-a-vins-1-300x170.jpg 300w, https:\/\/bateau-ivre.fr\/poitiers\/wp-content\/uploads\/sites\/2\/2016\/03\/bar-a-vins-1-768x434.jpg 768w\" sizes=\"auto, (max-width: 800px) 100vw, 800px\" \/>\n\t\t\t<\/dt><\/dl><dl class='gallery-item'>\n\t\t\t<dt class='gallery-icon landscape'>\n\t\t\t\t<img loading=\"lazy\" decoding=\"async\" width=\"800\" height=\"452\" src=\"https:\/\/bateau-ivre.fr\/poitiers\/wp-content\/uploads\/sites\/2\/2016\/03\/bars-a-vins-2.jpg\" class=\"attachment-full size-full\" alt=\"\" srcset=\"https:\/\/bateau-ivre.fr\/poitiers\/wp-content\/uploads\/sites\/2\/2016\/03\/bars-a-vins-2.jpg 800w, https:\/\/bateau-ivre.fr\/poitiers\/wp-content\/uploads\/sites\/2\/2016\/03\/bars-a-vins-2-300x170.jpg 300w, https:\/\/bateau-ivre.fr\/poitiers\/wp-content\/uploads\/sites\/2\/2016\/03\/bars-a-vins-2-768x434.jpg 768w\" sizes=\"auto, (max-width: 800px) 100vw, 800px\" \/>\n\t\t\t<\/dt><\/dl><br style=\"clear: both\" \/><dl class='gallery-item'>\n\t\t\t<dt class='gallery-icon landscape'>\n\t\t\t\t<img loading=\"lazy\" decoding=\"async\" width=\"800\" height=\"450\" src=\"https:\/\/bateau-ivre.fr\/poitiers\/wp-content\/uploads\/sites\/2\/2016\/03\/terrasse01.jpg\" class=\"attachment-full size-full\" alt=\"\" srcset=\"https:\/\/bateau-ivre.fr\/poitiers\/wp-content\/uploads\/sites\/2\/2016\/03\/terrasse01.jpg 800w, https:\/\/bateau-ivre.fr\/poitiers\/wp-content\/uploads\/sites\/2\/2016\/03\/terrasse01-300x169.jpg 300w, https:\/\/bateau-ivre.fr\/poitiers\/wp-content\/uploads\/sites\/2\/2016\/03\/terrasse01-768x432.jpg 768w\" sizes=\"auto, (max-width: 800px) 100vw, 800px\" \/>\n\t\t\t<\/dt><\/dl><dl class='gallery-item'>\n\t\t\t<dt class='gallery-icon landscape'>\n\t\t\t\t<img loading=\"lazy\" decoding=\"async\" width=\"800\" height=\"450\" src=\"https:\/\/bateau-ivre.fr\/poitiers\/wp-content\/uploads\/sites\/2\/2016\/03\/terrasse02.jpg\" class=\"attachment-full size-full\" alt=\"\" srcset=\"https:\/\/bateau-ivre.fr\/poitiers\/wp-content\/uploads\/sites\/2\/2016\/03\/terrasse02.jpg 800w, https:\/\/bateau-ivre.fr\/poitiers\/wp-content\/uploads\/sites\/2\/2016\/03\/terrasse02-300x169.jpg 300w, https:\/\/bateau-ivre.fr\/poitiers\/wp-content\/uploads\/sites\/2\/2016\/03\/terrasse02-768x432.jpg 768w\" sizes=\"auto, (max-width: 800px) 100vw, 800px\" \/>\n\t\t\t<\/dt><\/dl><br style=\"clear: both\" \/>\n\t\t<\/div>\n\n<p>Pour accompagner votre verre nous proposons diff\u00e9rentes planches sal\u00e9es ou sucr\u00e9es.<\/p>\n<p><img loading=\"lazy\" decoding=\"async\" class=\"aligncenter size-medium wp-image-188\" src=\"http:\/\/bateau-ivre.fr\/poitiers\/wp-content\/uploads\/sites\/2\/2016\/03\/bars-a-vins-planches-s-226x300.jpg\" alt=\"bars-a-vins-planches-s\" width=\"226\" height=\"300\" srcset=\"https:\/\/bateau-ivre.fr\/poitiers\/wp-content\/uploads\/sites\/2\/2016\/03\/bars-a-vins-planches-s-226x300.jpg 226w, https:\/\/bateau-ivre.fr\/poitiers\/wp-content\/uploads\/sites\/2\/2016\/03\/bars-a-vins-planches-s.jpg 603w\" sizes=\"auto, (max-width: 226px) 100vw, 226px\" \/><\/p>\n<div>\n<div>\n<p>Les cocktails sont des boissons tr\u00e8s appr\u00e9ci\u00e9es pour leur go\u00fbt rafra\u00eechissant et leur vari\u00e9t\u00e9 de saveurs. Le Mojito, par exemple, est un cocktail cubain \u00e0 base de rhum, de menthe et de citron vert, tandis que le Spritz est un cocktail italien \u00e0 base d&#8217;Aperol, de prosecco et d&#8217;eau gazeuse. La Pina Colada, quant \u00e0 elle, est un cocktail tropical \u00e0 base de rhum, de jus d&#8217;ananas et de lait de coco, tandis que le Gin Tonic est un cocktail classique \u00e0 base de gin et d&#8217;eau tonique. Le Moscow Mule est un cocktail am\u00e9ricain \u00e0 base de vodka, de jus de citron vert et de ginger beer. Tous ces cocktails et leurs variantes avec et sans alcool seront propos\u00e9s, en plus de la gamme de verres de vin disponible selon la saison. Venez les d\u00e9couvrir et trouvez votre cocktail pr\u00e9f\u00e9r\u00e9 !<\/p>\n<div>\n<p>&nbsp;<\/p>\n<div>\n<p><a href=\"https:\/\/bateau-ivre.fr\/poitiers\/wp-content\/uploads\/sites\/2\/2023\/11\/2.jpg\">02. Wapplesky<\/a><\/p>\n<div>\n<p><a href=\"https:\/\/bateau-ivre.fr\/wp-content\/uploads\/2023\/11\/3.jpg\">03. Le rafra\u00eechissant Cucumber lemonade<\/a><\/p>\n<\/div>\n<\/div>\n<\/div>\n<\/div>\n<\/div>\n<div>\n<p><a href=\"https:\/\/bateau-ivre.fr\/wp-content\/uploads\/2023\/11\/4.jpg\">04. Gin &amp; Ginger<\/a><\/p>\n<div>\n<p><a href=\"https:\/\/bateau-ivre.fr\/wp-content\/uploads\/2023\/11\/5.jpg\">05. Mai Tai<\/a><\/p>\n<div>\n<p><a href=\"https:\/\/bateau-ivre.fr\/wp-content\/uploads\/2023\/11\/6.jpg\">06. Cocktail scorpion au rhum blanc et orange<\/a><\/p>\n<div>\n<p><a href=\"https:\/\/bateau-ivre.fr\/wp-content\/uploads\/2023\/11\/7.jpg\">07. Cocktail rhum tonic au citron<\/a><\/p>\n<p><img loading=\"lazy\" decoding=\"async\" class=\"size-medium wp-image-552 alignleft\" src=\"https:\/\/bateau-ivre.fr\/poitiers\/wp-content\/uploads\/sites\/2\/2023\/11\/1-300x251.jpg\" alt=\"\" width=\"300\" height=\"251\" srcset=\"https:\/\/bateau-ivre.fr\/poitiers\/wp-content\/uploads\/sites\/2\/2023\/11\/1-300x251.jpg 300w, https:\/\/bateau-ivre.fr\/poitiers\/wp-content\/uploads\/sites\/2\/2023\/11\/1-768x644.jpg 768w, https:\/\/bateau-ivre.fr\/poitiers\/wp-content\/uploads\/sites\/2\/2023\/11\/1.jpg 940w\" sizes=\"auto, (max-width: 300px) 100vw, 300px\" \/><img loading=\"lazy\" decoding=\"async\" class=\"size-medium wp-image-553 alignright\" src=\"https:\/\/bateau-ivre.fr\/poitiers\/wp-content\/uploads\/sites\/2\/2023\/11\/2-300x251.jpg\" alt=\"\" width=\"300\" height=\"251\" srcset=\"https:\/\/bateau-ivre.fr\/poitiers\/wp-content\/uploads\/sites\/2\/2023\/11\/2-300x251.jpg 300w, https:\/\/bateau-ivre.fr\/poitiers\/wp-content\/uploads\/sites\/2\/2023\/11\/2-768x644.jpg 768w, https:\/\/bateau-ivre.fr\/poitiers\/wp-content\/uploads\/sites\/2\/2023\/11\/2.jpg 940w\" sizes=\"auto, (max-width: 300px) 100vw, 300px\" \/><\/p>\n<\/div>\n<\/div>\n<\/div>\n<\/div>\n<p><img loading=\"lazy\" decoding=\"async\" class=\"aligncenter size-medium wp-image-556\" src=\"https:\/\/bateau-ivre.fr\/poitiers\/wp-content\/uploads\/sites\/2\/2023\/11\/5-300x251.jpg\" alt=\"\" width=\"300\" height=\"251\" srcset=\"https:\/\/bateau-ivre.fr\/poitiers\/wp-content\/uploads\/sites\/2\/2023\/11\/5-300x251.jpg 300w, https:\/\/bateau-ivre.fr\/poitiers\/wp-content\/uploads\/sites\/2\/2023\/11\/5-768x644.jpg 768w, https:\/\/bateau-ivre.fr\/poitiers\/wp-content\/uploads\/sites\/2\/2023\/11\/5.jpg 940w\" sizes=\"auto, (max-width: 300px) 100vw, 300px\" \/><\/p>\n<p>&nbsp;<\/p>\n<p><img loading=\"lazy\" decoding=\"async\" class=\"aligncenter size-medium wp-image-558\" src=\"https:\/\/bateau-ivre.fr\/poitiers\/wp-content\/uploads\/sites\/2\/2023\/11\/7-300x251.jpg\" alt=\"\" width=\"300\" height=\"251\" srcset=\"https:\/\/bateau-ivre.fr\/poitiers\/wp-content\/uploads\/sites\/2\/2023\/11\/7-300x251.jpg 300w, https:\/\/bateau-ivre.fr\/poitiers\/wp-content\/uploads\/sites\/2\/2023\/11\/7-768x644.jpg 768w, https:\/\/bateau-ivre.fr\/poitiers\/wp-content\/uploads\/sites\/2\/2023\/11\/7.jpg 940w\" sizes=\"auto, (max-width: 300px) 100vw, 300px\" \/><img loading=\"lazy\" decoding=\"async\" class=\"aligncenter size-medium wp-image-557\" src=\"https:\/\/bateau-ivre.fr\/poitiers\/wp-content\/uploads\/sites\/2\/2023\/11\/6-300x251.jpg\" alt=\"\" width=\"300\" height=\"251\" srcset=\"https:\/\/bateau-ivre.fr\/poitiers\/wp-content\/uploads\/sites\/2\/2023\/11\/6-300x251.jpg 300w, https:\/\/bateau-ivre.fr\/poitiers\/wp-content\/uploads\/sites\/2\/2023\/11\/6-768x644.jpg 768w, https:\/\/bateau-ivre.fr\/poitiers\/wp-content\/uploads\/sites\/2\/2023\/11\/6.jpg 940w\" sizes=\"auto, (max-width: 300px) 100vw, 300px\" \/><img loading=\"lazy\" decoding=\"async\" class=\"size-medium wp-image-554 alignleft\" src=\"https:\/\/bateau-ivre.fr\/poitiers\/wp-content\/uploads\/sites\/2\/2023\/11\/3-300x251.jpg\" alt=\"\" width=\"300\" height=\"251\" srcset=\"https:\/\/bateau-ivre.fr\/poitiers\/wp-content\/uploads\/sites\/2\/2023\/11\/3-300x251.jpg 300w, https:\/\/bateau-ivre.fr\/poitiers\/wp-content\/uploads\/sites\/2\/2023\/11\/3-768x644.jpg 768w, https:\/\/bateau-ivre.fr\/poitiers\/wp-content\/uploads\/sites\/2\/2023\/11\/3.jpg 940w\" sizes=\"auto, (max-width: 300px) 100vw, 300px\" \/><img loading=\"lazy\" decoding=\"async\" class=\"size-medium wp-image-555 alignright\" src=\"https:\/\/bateau-ivre.fr\/poitiers\/wp-content\/uploads\/sites\/2\/2023\/11\/4-300x251.jpg\" alt=\"\" width=\"300\" height=\"251\" srcset=\"https:\/\/bateau-ivre.fr\/poitiers\/wp-content\/uploads\/sites\/2\/2023\/11\/4-300x251.jpg 300w, https:\/\/bateau-ivre.fr\/poitiers\/wp-content\/uploads\/sites\/2\/2023\/11\/4-768x644.jpg 768w, https:\/\/bateau-ivre.fr\/poitiers\/wp-content\/uploads\/sites\/2\/2023\/11\/4.jpg 940w\" sizes=\"auto, (max-width: 300px) 100vw, 300px\" \/><\/p>\n","protected":false},"excerpt":{"rendered":"<p>Au bar, au salon, en terrasse, \u00e0 la cave, nous vous accueillons de 10h le matin \u00e0 minuit pour d\u00e9guster [&hellip;]<\/p>\n","protected":false},"author":1,"featured_media":102,"parent":0,"menu_order":0,"comment_status":"closed","ping_status":"closed","template":"","meta":{"footnotes":""},"class_list":["post-148","page","type-page","status-publish","has-post-thumbnail","hentry"],"yoast_head":"<!-- This site is optimized with the Yoast SEO plugin v27.5 - https:\/\/yoast.com\/product\/yoast-seo-wordpress\/ -->\n<title>Bar \u00e0 Vins - Le Bateau Ivre Poitiers<\/title>\n<meta name=\"robots\" content=\"index, follow, max-snippet:-1, max-image-preview:large, max-video-preview:-1\" \/>\n<link rel=\"canonical\" href=\"https:\/\/bateau-ivre.fr\/poitiers\/bar-a-vins\/\" \/>\n<meta property=\"og:locale\" content=\"fr_FR\" \/>\n<meta property=\"og:type\" content=\"article\" \/>\n<meta property=\"og:title\" content=\"Bar \u00e0 Vins - Le Bateau Ivre Poitiers\" \/>\n<meta property=\"og:description\" content=\"Au bar, au salon, en terrasse, \u00e0 la cave, nous vous accueillons de 10h le matin \u00e0 minuit pour d\u00e9guster [&hellip;]\" \/>\n<meta property=\"og:url\" content=\"https:\/\/bateau-ivre.fr\/poitiers\/bar-a-vins\/\" \/>\n<meta property=\"og:site_name\" content=\"Le Bateau Ivre Poitiers\" \/>\n<meta property=\"article:modified_time\" content=\"2023-11-23T09:01:46+00:00\" \/>\n<meta property=\"og:image\" content=\"https:\/\/bateau-ivre.fr\/poitiers\/wp-content\/uploads\/sites\/2\/2016\/03\/img-bg.jpg\" \/>\n\t<meta property=\"og:image:width\" content=\"1920\" \/>\n\t<meta property=\"og:image:height\" content=\"300\" \/>\n\t<meta property=\"og:image:type\" content=\"image\/jpeg\" \/>\n<meta name=\"twitter:card\" content=\"summary_large_image\" \/>\n<meta name=\"twitter:label1\" content=\"Dur\u00e9e de lecture estim\u00e9e\" \/>\n\t<meta name=\"twitter:data1\" content=\"1 minute\" \/>\n<script type=\"application\/ld+json\" class=\"yoast-schema-graph\">{\"@context\":\"https:\\\/\\\/schema.org\",\"@graph\":[{\"@type\":\"WebPage\",\"@id\":\"https:\\\/\\\/bateau-ivre.fr\\\/poitiers\\\/bar-a-vins\\\/\",\"url\":\"https:\\\/\\\/bateau-ivre.fr\\\/poitiers\\\/bar-a-vins\\\/\",\"name\":\"Bar \u00e0 Vins - Le Bateau Ivre Poitiers\",\"isPartOf\":{\"@id\":\"https:\\\/\\\/bateau-ivre.fr\\\/poitiers\\\/#website\"},\"primaryImageOfPage\":{\"@id\":\"https:\\\/\\\/bateau-ivre.fr\\\/poitiers\\\/bar-a-vins\\\/#primaryimage\"},\"image\":{\"@id\":\"https:\\\/\\\/bateau-ivre.fr\\\/poitiers\\\/bar-a-vins\\\/#primaryimage\"},\"thumbnailUrl\":\"https:\\\/\\\/bateau-ivre.fr\\\/poitiers\\\/wp-content\\\/uploads\\\/sites\\\/2\\\/2016\\\/03\\\/img-bg.jpg\",\"datePublished\":\"2016-03-15T15:23:50+00:00\",\"dateModified\":\"2023-11-23T09:01:46+00:00\",\"breadcrumb\":{\"@id\":\"https:\\\/\\\/bateau-ivre.fr\\\/poitiers\\\/bar-a-vins\\\/#breadcrumb\"},\"inLanguage\":\"fr-FR\",\"potentialAction\":[{\"@type\":\"ReadAction\",\"target\":[\"https:\\\/\\\/bateau-ivre.fr\\\/poitiers\\\/bar-a-vins\\\/\"]}]},{\"@type\":\"ImageObject\",\"inLanguage\":\"fr-FR\",\"@id\":\"https:\\\/\\\/bateau-ivre.fr\\\/poitiers\\\/bar-a-vins\\\/#primaryimage\",\"url\":\"https:\\\/\\\/bateau-ivre.fr\\\/poitiers\\\/wp-content\\\/uploads\\\/sites\\\/2\\\/2016\\\/03\\\/img-bg.jpg\",\"contentUrl\":\"https:\\\/\\\/bateau-ivre.fr\\\/poitiers\\\/wp-content\\\/uploads\\\/sites\\\/2\\\/2016\\\/03\\\/img-bg.jpg\",\"width\":1920,\"height\":300},{\"@type\":\"BreadcrumbList\",\"@id\":\"https:\\\/\\\/bateau-ivre.fr\\\/poitiers\\\/bar-a-vins\\\/#breadcrumb\",\"itemListElement\":[{\"@type\":\"ListItem\",\"position\":1,\"name\":\"Accueil\",\"item\":\"https:\\\/\\\/bateau-ivre.fr\\\/poitiers\\\/\"},{\"@type\":\"ListItem\",\"position\":2,\"name\":\"Bar \u00e0 Vins\"}]},{\"@type\":\"WebSite\",\"@id\":\"https:\\\/\\\/bateau-ivre.fr\\\/poitiers\\\/#website\",\"url\":\"https:\\\/\\\/bateau-ivre.fr\\\/poitiers\\\/\",\"name\":\"Le Bateau Ivre Poitiers\",\"description\":\"Un site utilisant Sites Bateau Ivre\",\"potentialAction\":[{\"@type\":\"SearchAction\",\"target\":{\"@type\":\"EntryPoint\",\"urlTemplate\":\"https:\\\/\\\/bateau-ivre.fr\\\/poitiers\\\/?s={search_term_string}\"},\"query-input\":{\"@type\":\"PropertyValueSpecification\",\"valueRequired\":true,\"valueName\":\"search_term_string\"}}],\"inLanguage\":\"fr-FR\"}]}<\/script>\n<!-- \/ Yoast SEO plugin. -->","yoast_head_json":{"title":"Bar \u00e0 Vins - Le Bateau Ivre Poitiers","robots":{"index":"index","follow":"follow","max-snippet":"max-snippet:-1","max-image-preview":"max-image-preview:large","max-video-preview":"max-video-preview:-1"},"canonical":"https:\/\/bateau-ivre.fr\/poitiers\/bar-a-vins\/","og_locale":"fr_FR","og_type":"article","og_title":"Bar \u00e0 Vins - Le Bateau Ivre Poitiers","og_description":"Au bar, au salon, en terrasse, \u00e0 la cave, nous vous accueillons de 10h le matin \u00e0 minuit pour d\u00e9guster [&hellip;]","og_url":"https:\/\/bateau-ivre.fr\/poitiers\/bar-a-vins\/","og_site_name":"Le Bateau Ivre Poitiers","article_modified_time":"2023-11-23T09:01:46+00:00","og_image":[{"width":1920,"height":300,"url":"https:\/\/bateau-ivre.fr\/poitiers\/wp-content\/uploads\/sites\/2\/2016\/03\/img-bg.jpg","type":"image\/jpeg"}],"twitter_card":"summary_large_image","twitter_misc":{"Dur\u00e9e de lecture estim\u00e9e":"1 minute"},"schema":{"@context":"https:\/\/schema.org","@graph":[{"@type":"WebPage","@id":"https:\/\/bateau-ivre.fr\/poitiers\/bar-a-vins\/","url":"https:\/\/bateau-ivre.fr\/poitiers\/bar-a-vins\/","name":"Bar \u00e0 Vins - Le Bateau Ivre Poitiers","isPartOf":{"@id":"https:\/\/bateau-ivre.fr\/poitiers\/#website"},"primaryImageOfPage":{"@id":"https:\/\/bateau-ivre.fr\/poitiers\/bar-a-vins\/#primaryimage"},"image":{"@id":"https:\/\/bateau-ivre.fr\/poitiers\/bar-a-vins\/#primaryimage"},"thumbnailUrl":"https:\/\/bateau-ivre.fr\/poitiers\/wp-content\/uploads\/sites\/2\/2016\/03\/img-bg.jpg","datePublished":"2016-03-15T15:23:50+00:00","dateModified":"2023-11-23T09:01:46+00:00","breadcrumb":{"@id":"https:\/\/bateau-ivre.fr\/poitiers\/bar-a-vins\/#breadcrumb"},"inLanguage":"fr-FR","potentialAction":[{"@type":"ReadAction","target":["https:\/\/bateau-ivre.fr\/poitiers\/bar-a-vins\/"]}]},{"@type":"ImageObject","inLanguage":"fr-FR","@id":"https:\/\/bateau-ivre.fr\/poitiers\/bar-a-vins\/#primaryimage","url":"https:\/\/bateau-ivre.fr\/poitiers\/wp-content\/uploads\/sites\/2\/2016\/03\/img-bg.jpg","contentUrl":"https:\/\/bateau-ivre.fr\/poitiers\/wp-content\/uploads\/sites\/2\/2016\/03\/img-bg.jpg","width":1920,"height":300},{"@type":"BreadcrumbList","@id":"https:\/\/bateau-ivre.fr\/poitiers\/bar-a-vins\/#breadcrumb","itemListElement":[{"@type":"ListItem","position":1,"name":"Accueil","item":"https:\/\/bateau-ivre.fr\/poitiers\/"},{"@type":"ListItem","position":2,"name":"Bar \u00e0 Vins"}]},{"@type":"WebSite","@id":"https:\/\/bateau-ivre.fr\/poitiers\/#website","url":"https:\/\/bateau-ivre.fr\/poitiers\/","name":"Le Bateau Ivre Poitiers","description":"Un site utilisant Sites Bateau Ivre","potentialAction":[{"@type":"SearchAction","target":{"@type":"EntryPoint","urlTemplate":"https:\/\/bateau-ivre.fr\/poitiers\/?s={search_term_string}"},"query-input":{"@type":"PropertyValueSpecification","valueRequired":true,"valueName":"search_term_string"}}],"inLanguage":"fr-FR"}]}},"_links":{"self":[{"href":"https:\/\/bateau-ivre.fr\/poitiers\/wp-json\/wp\/v2\/pages\/148","targetHints":{"allow":["GET"]}}],"collection":[{"href":"https:\/\/bateau-ivre.fr\/poitiers\/wp-json\/wp\/v2\/pages"}],"about":[{"href":"https:\/\/bateau-ivre.fr\/poitiers\/wp-json\/wp\/v2\/types\/page"}],"author":[{"embeddable":true,"href":"https:\/\/bateau-ivre.fr\/poitiers\/wp-json\/wp\/v2\/users\/1"}],"replies":[{"embeddable":true,"href":"https:\/\/bateau-ivre.fr\/poitiers\/wp-json\/wp\/v2\/comments?post=148"}],"version-history":[{"count":12,"href":"https:\/\/bateau-ivre.fr\/poitiers\/wp-json\/wp\/v2\/pages\/148\/revisions"}],"predecessor-version":[{"id":561,"href":"https:\/\/bateau-ivre.fr\/poitiers\/wp-json\/wp\/v2\/pages\/148\/revisions\/561"}],"wp:featuredmedia":[{"embeddable":true,"href":"https:\/\/bateau-ivre.fr\/poitiers\/wp-json\/wp\/v2\/media\/102"}],"wp:attachment":[{"href":"https:\/\/bateau-ivre.fr\/poitiers\/wp-json\/wp\/v2\/media?parent=148"}],"curies":[{"name":"wp","href":"https:\/\/api.w.org\/{rel}","templated":true}]}}