{"id":150,"date":"2016-03-15T16:24:09","date_gmt":"2016-03-15T15:24:09","guid":{"rendered":"http:\/\/bateau-ivre.fr\/poitiers\/?page_id=150"},"modified":"2016-09-02T14:28:19","modified_gmt":"2016-09-02T13:28:19","slug":"cave-a-vins","status":"publish","type":"page","link":"https:\/\/bateau-ivre.fr\/poitiers\/cave-a-vins\/","title":{"rendered":"Cave \u00e0 Vins"},"content":{"rendered":"<p>Situ\u00e9e \u00e0 l\u2019arri\u00e8re du b\u00e2timent dans une ancienne grange, la cave offre un remarquable \u00e9crin naturellement temp\u00e9r\u00e9.<\/p>\n<p>Elle abrite les vins de toutes les grandes r\u00e9gions fran\u00e7aises, une s\u00e9lection de vins \u00e9trangers, des alcools, bi\u00e8res, ainsi que notre rayon d\u2019\u00e9picerie fine et nos fromages.<\/p>\n<p>Ouverte du lundi au samedi, sans interruption de 10H \u00e0 20H30.<\/p>\n<p>La s\u00e9lection est assur\u00e9e par notre \u0153nologue, St\u00e9phane Lehu\u00e9d\u00e9. Nous disposons d\u2019environ 500 r\u00e9f\u00e9rences de vins, une trentaine de Champagne, plus d\u2019une centaine d\u2019alcools (whiskies, Rhums, Cognac\u2026),70 r\u00e9f\u00e9rences de bi\u00e8res\u2026<\/p>\n<div id='gallery-1' class='gallery galleryid-150 gallery-columns-3 gallery-size-medium'><dl class='gallery-item'>\n\t\t\t<dt class='gallery-icon portrait'>\n\t\t\t\t<img loading=\"lazy\" decoding=\"async\" width=\"225\" height=\"300\" src=\"https:\/\/bateau-ivre.fr\/poitiers\/wp-content\/uploads\/sites\/2\/2016\/03\/cave-bateau-ivre-poitiers-02-225x300.jpg\" class=\"attachment-medium size-medium\" alt=\"\" srcset=\"https:\/\/bateau-ivre.fr\/poitiers\/wp-content\/uploads\/sites\/2\/2016\/03\/cave-bateau-ivre-poitiers-02-225x300.jpg 225w, https:\/\/bateau-ivre.fr\/poitiers\/wp-content\/uploads\/sites\/2\/2016\/03\/cave-bateau-ivre-poitiers-02.jpg 480w\" sizes=\"auto, (max-width: 225px) 100vw, 225px\" \/>\n\t\t\t<\/dt><\/dl><dl class='gallery-item'>\n\t\t\t<dt class='gallery-icon portrait'>\n\t\t\t\t<img loading=\"lazy\" decoding=\"async\" width=\"225\" height=\"300\" src=\"https:\/\/bateau-ivre.fr\/poitiers\/wp-content\/uploads\/sites\/2\/2016\/03\/cave-bateau-ivre-poitiers-03-225x300.jpg\" class=\"attachment-medium size-medium\" alt=\"\" srcset=\"https:\/\/bateau-ivre.fr\/poitiers\/wp-content\/uploads\/sites\/2\/2016\/03\/cave-bateau-ivre-poitiers-03-225x300.jpg 225w, https:\/\/bateau-ivre.fr\/poitiers\/wp-content\/uploads\/sites\/2\/2016\/03\/cave-bateau-ivre-poitiers-03.jpg 480w\" sizes=\"auto, (max-width: 225px) 100vw, 225px\" \/>\n\t\t\t<\/dt><\/dl><dl class='gallery-item'>\n\t\t\t<dt class='gallery-icon portrait'>\n\t\t\t\t<img loading=\"lazy\" decoding=\"async\" width=\"225\" height=\"300\" src=\"https:\/\/bateau-ivre.fr\/poitiers\/wp-content\/uploads\/sites\/2\/2016\/03\/cave-bateau-ivre-poitiers-04-225x300.jpg\" class=\"attachment-medium size-medium\" alt=\"\" srcset=\"https:\/\/bateau-ivre.fr\/poitiers\/wp-content\/uploads\/sites\/2\/2016\/03\/cave-bateau-ivre-poitiers-04-225x300.jpg 225w, https:\/\/bateau-ivre.fr\/poitiers\/wp-content\/uploads\/sites\/2\/2016\/03\/cave-bateau-ivre-poitiers-04.jpg 480w\" sizes=\"auto, (max-width: 225px) 100vw, 225px\" \/>\n\t\t\t<\/dt><\/dl><br style=\"clear: both\" \/><dl class='gallery-item'>\n\t\t\t<dt class='gallery-icon portrait'>\n\t\t\t\t<img loading=\"lazy\" decoding=\"async\" width=\"225\" height=\"300\" src=\"https:\/\/bateau-ivre.fr\/poitiers\/wp-content\/uploads\/sites\/2\/2016\/03\/cave-bateau-ivre-poitiers-05-225x300.jpg\" class=\"attachment-medium size-medium\" alt=\"\" srcset=\"https:\/\/bateau-ivre.fr\/poitiers\/wp-content\/uploads\/sites\/2\/2016\/03\/cave-bateau-ivre-poitiers-05-225x300.jpg 225w, https:\/\/bateau-ivre.fr\/poitiers\/wp-content\/uploads\/sites\/2\/2016\/03\/cave-bateau-ivre-poitiers-05.jpg 480w\" sizes=\"auto, (max-width: 225px) 100vw, 225px\" \/>\n\t\t\t<\/dt><\/dl><dl class='gallery-item'>\n\t\t\t<dt class='gallery-icon portrait'>\n\t\t\t\t<img loading=\"lazy\" decoding=\"async\" width=\"225\" height=\"300\" src=\"https:\/\/bateau-ivre.fr\/poitiers\/wp-content\/uploads\/sites\/2\/2016\/03\/cave-bateau-ivre-poitiers-06-225x300.jpg\" class=\"attachment-medium size-medium\" alt=\"\" srcset=\"https:\/\/bateau-ivre.fr\/poitiers\/wp-content\/uploads\/sites\/2\/2016\/03\/cave-bateau-ivre-poitiers-06-225x300.jpg 225w, https:\/\/bateau-ivre.fr\/poitiers\/wp-content\/uploads\/sites\/2\/2016\/03\/cave-bateau-ivre-poitiers-06.jpg 480w\" sizes=\"auto, (max-width: 225px) 100vw, 225px\" \/>\n\t\t\t<\/dt><\/dl><dl class='gallery-item'>\n\t\t\t<dt class='gallery-icon portrait'>\n\t\t\t\t<img loading=\"lazy\" decoding=\"async\" width=\"225\" height=\"300\" src=\"https:\/\/bateau-ivre.fr\/poitiers\/wp-content\/uploads\/sites\/2\/2016\/03\/cave-bateau-ivre-poitiers-07-225x300.jpg\" class=\"attachment-medium size-medium\" alt=\"\" srcset=\"https:\/\/bateau-ivre.fr\/poitiers\/wp-content\/uploads\/sites\/2\/2016\/03\/cave-bateau-ivre-poitiers-07-225x300.jpg 225w, https:\/\/bateau-ivre.fr\/poitiers\/wp-content\/uploads\/sites\/2\/2016\/03\/cave-bateau-ivre-poitiers-07.jpg 480w\" sizes=\"auto, (max-width: 225px) 100vw, 225px\" \/>\n\t\t\t<\/dt><\/dl><br style=\"clear: both\" \/>\n\t\t<\/div>\n\n<p>&nbsp;<\/p>\n","protected":false},"excerpt":{"rendered":"<p>Situ\u00e9e \u00e0 l\u2019arri\u00e8re du b\u00e2timent dans une ancienne grange, la cave offre un remarquable \u00e9crin naturellement temp\u00e9r\u00e9. Elle abrite les [&hellip;]<\/p>\n","protected":false},"author":1,"featured_media":102,"parent":0,"menu_order":0,"comment_status":"closed","ping_status":"closed","template":"","meta":{"footnotes":""},"class_list":["post-150","page","type-page","status-publish","has-post-thumbnail","hentry"],"yoast_head":"<!-- This site is optimized with the Yoast SEO plugin v27.3 - https:\/\/yoast.com\/product\/yoast-seo-wordpress\/ -->\n<title>Cave \u00e0 Vins - Le Bateau Ivre Poitiers<\/title>\n<meta name=\"robots\" content=\"index, follow, max-snippet:-1, max-image-preview:large, max-video-preview:-1\" \/>\n<link rel=\"canonical\" href=\"https:\/\/bateau-ivre.fr\/poitiers\/cave-a-vins\/\" \/>\n<meta property=\"og:locale\" content=\"fr_FR\" \/>\n<meta property=\"og:type\" content=\"article\" \/>\n<meta property=\"og:title\" content=\"Cave \u00e0 Vins - Le Bateau Ivre Poitiers\" \/>\n<meta property=\"og:description\" content=\"Situ\u00e9e \u00e0 l\u2019arri\u00e8re du b\u00e2timent dans une ancienne grange, la cave offre un remarquable \u00e9crin naturellement temp\u00e9r\u00e9. Elle abrite les [&hellip;]\" \/>\n<meta property=\"og:url\" content=\"https:\/\/bateau-ivre.fr\/poitiers\/cave-a-vins\/\" \/>\n<meta property=\"og:site_name\" content=\"Le Bateau Ivre Poitiers\" \/>\n<meta property=\"article:modified_time\" content=\"2016-09-02T13:28:19+00:00\" \/>\n<meta property=\"og:image\" content=\"https:\/\/bateau-ivre.fr\/poitiers\/wp-content\/uploads\/sites\/2\/2016\/03\/img-bg.jpg\" \/>\n\t<meta property=\"og:image:width\" content=\"1920\" \/>\n\t<meta property=\"og:image:height\" content=\"300\" \/>\n\t<meta property=\"og:image:type\" content=\"image\/jpeg\" \/>\n<meta name=\"twitter:card\" content=\"summary_large_image\" \/>\n<meta name=\"twitter:label1\" content=\"Dur\u00e9e de lecture estim\u00e9e\" \/>\n\t<meta name=\"twitter:data1\" content=\"1 minute\" \/>\n<script type=\"application\/ld+json\" class=\"yoast-schema-graph\">{\"@context\":\"https:\\\/\\\/schema.org\",\"@graph\":[{\"@type\":\"WebPage\",\"@id\":\"https:\\\/\\\/bateau-ivre.fr\\\/poitiers\\\/cave-a-vins\\\/\",\"url\":\"https:\\\/\\\/bateau-ivre.fr\\\/poitiers\\\/cave-a-vins\\\/\",\"name\":\"Cave \u00e0 Vins - Le Bateau Ivre Poitiers\",\"isPartOf\":{\"@id\":\"https:\\\/\\\/bateau-ivre.fr\\\/poitiers\\\/#website\"},\"primaryImageOfPage\":{\"@id\":\"https:\\\/\\\/bateau-ivre.fr\\\/poitiers\\\/cave-a-vins\\\/#primaryimage\"},\"image\":{\"@id\":\"https:\\\/\\\/bateau-ivre.fr\\\/poitiers\\\/cave-a-vins\\\/#primaryimage\"},\"thumbnailUrl\":\"https:\\\/\\\/bateau-ivre.fr\\\/poitiers\\\/wp-content\\\/uploads\\\/sites\\\/2\\\/2016\\\/03\\\/img-bg.jpg\",\"datePublished\":\"2016-03-15T15:24:09+00:00\",\"dateModified\":\"2016-09-02T13:28:19+00:00\",\"breadcrumb\":{\"@id\":\"https:\\\/\\\/bateau-ivre.fr\\\/poitiers\\\/cave-a-vins\\\/#breadcrumb\"},\"inLanguage\":\"fr-FR\",\"potentialAction\":[{\"@type\":\"ReadAction\",\"target\":[\"https:\\\/\\\/bateau-ivre.fr\\\/poitiers\\\/cave-a-vins\\\/\"]}]},{\"@type\":\"ImageObject\",\"inLanguage\":\"fr-FR\",\"@id\":\"https:\\\/\\\/bateau-ivre.fr\\\/poitiers\\\/cave-a-vins\\\/#primaryimage\",\"url\":\"https:\\\/\\\/bateau-ivre.fr\\\/poitiers\\\/wp-content\\\/uploads\\\/sites\\\/2\\\/2016\\\/03\\\/img-bg.jpg\",\"contentUrl\":\"https:\\\/\\\/bateau-ivre.fr\\\/poitiers\\\/wp-content\\\/uploads\\\/sites\\\/2\\\/2016\\\/03\\\/img-bg.jpg\",\"width\":1920,\"height\":300},{\"@type\":\"BreadcrumbList\",\"@id\":\"https:\\\/\\\/bateau-ivre.fr\\\/poitiers\\\/cave-a-vins\\\/#breadcrumb\",\"itemListElement\":[{\"@type\":\"ListItem\",\"position\":1,\"name\":\"Accueil\",\"item\":\"https:\\\/\\\/bateau-ivre.fr\\\/poitiers\\\/\"},{\"@type\":\"ListItem\",\"position\":2,\"name\":\"Cave \u00e0 Vins\"}]},{\"@type\":\"WebSite\",\"@id\":\"https:\\\/\\\/bateau-ivre.fr\\\/poitiers\\\/#website\",\"url\":\"https:\\\/\\\/bateau-ivre.fr\\\/poitiers\\\/\",\"name\":\"Le Bateau Ivre Poitiers\",\"description\":\"Un site utilisant Sites Bateau Ivre\",\"potentialAction\":[{\"@type\":\"SearchAction\",\"target\":{\"@type\":\"EntryPoint\",\"urlTemplate\":\"https:\\\/\\\/bateau-ivre.fr\\\/poitiers\\\/?s={search_term_string}\"},\"query-input\":{\"@type\":\"PropertyValueSpecification\",\"valueRequired\":true,\"valueName\":\"search_term_string\"}}],\"inLanguage\":\"fr-FR\"}]}<\/script>\n<!-- \/ Yoast SEO plugin. -->","yoast_head_json":{"title":"Cave \u00e0 Vins - Le Bateau Ivre Poitiers","robots":{"index":"index","follow":"follow","max-snippet":"max-snippet:-1","max-image-preview":"max-image-preview:large","max-video-preview":"max-video-preview:-1"},"canonical":"https:\/\/bateau-ivre.fr\/poitiers\/cave-a-vins\/","og_locale":"fr_FR","og_type":"article","og_title":"Cave \u00e0 Vins - Le Bateau Ivre Poitiers","og_description":"Situ\u00e9e \u00e0 l\u2019arri\u00e8re du b\u00e2timent dans une ancienne grange, la cave offre un remarquable \u00e9crin naturellement temp\u00e9r\u00e9. Elle abrite les [&hellip;]","og_url":"https:\/\/bateau-ivre.fr\/poitiers\/cave-a-vins\/","og_site_name":"Le Bateau Ivre Poitiers","article_modified_time":"2016-09-02T13:28:19+00:00","og_image":[{"width":1920,"height":300,"url":"https:\/\/bateau-ivre.fr\/poitiers\/wp-content\/uploads\/sites\/2\/2016\/03\/img-bg.jpg","type":"image\/jpeg"}],"twitter_card":"summary_large_image","twitter_misc":{"Dur\u00e9e de lecture estim\u00e9e":"1 minute"},"schema":{"@context":"https:\/\/schema.org","@graph":[{"@type":"WebPage","@id":"https:\/\/bateau-ivre.fr\/poitiers\/cave-a-vins\/","url":"https:\/\/bateau-ivre.fr\/poitiers\/cave-a-vins\/","name":"Cave \u00e0 Vins - Le Bateau Ivre Poitiers","isPartOf":{"@id":"https:\/\/bateau-ivre.fr\/poitiers\/#website"},"primaryImageOfPage":{"@id":"https:\/\/bateau-ivre.fr\/poitiers\/cave-a-vins\/#primaryimage"},"image":{"@id":"https:\/\/bateau-ivre.fr\/poitiers\/cave-a-vins\/#primaryimage"},"thumbnailUrl":"https:\/\/bateau-ivre.fr\/poitiers\/wp-content\/uploads\/sites\/2\/2016\/03\/img-bg.jpg","datePublished":"2016-03-15T15:24:09+00:00","dateModified":"2016-09-02T13:28:19+00:00","breadcrumb":{"@id":"https:\/\/bateau-ivre.fr\/poitiers\/cave-a-vins\/#breadcrumb"},"inLanguage":"fr-FR","potentialAction":[{"@type":"ReadAction","target":["https:\/\/bateau-ivre.fr\/poitiers\/cave-a-vins\/"]}]},{"@type":"ImageObject","inLanguage":"fr-FR","@id":"https:\/\/bateau-ivre.fr\/poitiers\/cave-a-vins\/#primaryimage","url":"https:\/\/bateau-ivre.fr\/poitiers\/wp-content\/uploads\/sites\/2\/2016\/03\/img-bg.jpg","contentUrl":"https:\/\/bateau-ivre.fr\/poitiers\/wp-content\/uploads\/sites\/2\/2016\/03\/img-bg.jpg","width":1920,"height":300},{"@type":"BreadcrumbList","@id":"https:\/\/bateau-ivre.fr\/poitiers\/cave-a-vins\/#breadcrumb","itemListElement":[{"@type":"ListItem","position":1,"name":"Accueil","item":"https:\/\/bateau-ivre.fr\/poitiers\/"},{"@type":"ListItem","position":2,"name":"Cave \u00e0 Vins"}]},{"@type":"WebSite","@id":"https:\/\/bateau-ivre.fr\/poitiers\/#website","url":"https:\/\/bateau-ivre.fr\/poitiers\/","name":"Le Bateau Ivre Poitiers","description":"Un site utilisant Sites Bateau Ivre","potentialAction":[{"@type":"SearchAction","target":{"@type":"EntryPoint","urlTemplate":"https:\/\/bateau-ivre.fr\/poitiers\/?s={search_term_string}"},"query-input":{"@type":"PropertyValueSpecification","valueRequired":true,"valueName":"search_term_string"}}],"inLanguage":"fr-FR"}]}},"_links":{"self":[{"href":"https:\/\/bateau-ivre.fr\/poitiers\/wp-json\/wp\/v2\/pages\/150","targetHints":{"allow":["GET"]}}],"collection":[{"href":"https:\/\/bateau-ivre.fr\/poitiers\/wp-json\/wp\/v2\/pages"}],"about":[{"href":"https:\/\/bateau-ivre.fr\/poitiers\/wp-json\/wp\/v2\/types\/page"}],"author":[{"embeddable":true,"href":"https:\/\/bateau-ivre.fr\/poitiers\/wp-json\/wp\/v2\/users\/1"}],"replies":[{"embeddable":true,"href":"https:\/\/bateau-ivre.fr\/poitiers\/wp-json\/wp\/v2\/comments?post=150"}],"version-history":[{"count":5,"href":"https:\/\/bateau-ivre.fr\/poitiers\/wp-json\/wp\/v2\/pages\/150\/revisions"}],"predecessor-version":[{"id":205,"href":"https:\/\/bateau-ivre.fr\/poitiers\/wp-json\/wp\/v2\/pages\/150\/revisions\/205"}],"wp:featuredmedia":[{"embeddable":true,"href":"https:\/\/bateau-ivre.fr\/poitiers\/wp-json\/wp\/v2\/media\/102"}],"wp:attachment":[{"href":"https:\/\/bateau-ivre.fr\/poitiers\/wp-json\/wp\/v2\/media?parent=150"}],"curies":[{"name":"wp","href":"https:\/\/api.w.org\/{rel}","templated":true}]}}