{"id":168,"date":"2016-03-15T16:37:43","date_gmt":"2016-03-15T15:37:43","guid":{"rendered":"http:\/\/bateau-ivre.fr\/poitiers\/?page_id=168"},"modified":"2016-09-02T15:44:00","modified_gmt":"2016-09-02T14:44:00","slug":"epicerie-fine","status":"publish","type":"page","link":"https:\/\/bateau-ivre.fr\/poitiers\/epicerie-fine\/","title":{"rendered":"\u00c9picerie fine"},"content":{"rendered":"<p>Vous aimez cuisiner mais il vous manque l\u2019\u00e9pice magique, vous \u00eates fan d\u2019huile d\u2019olive, vous voulez un joli coffret gourmand, vous souhaitez d\u00e9couvrir une nouvelle gamme de th\u00e9 qui diff\u00e8re des sempiternelles r\u00e9f\u00e9rences traditionnelles\u2026un seul mot, venez nous voir \u00e0 la boutique.<\/p>\n<div class=\"clearfix divider-md \"><\/div>\n<div id='gallery-1' class='gallery galleryid-168 gallery-columns-2 gallery-size-large'><dl class='gallery-item'>\n\t\t\t<dt class='gallery-icon portrait'>\n\t\t\t\t<img loading=\"lazy\" decoding=\"async\" width=\"480\" height=\"490\" src=\"https:\/\/bateau-ivre.fr\/poitiers\/wp-content\/uploads\/sites\/2\/2016\/03\/epicerie-fine-poitiers-01.jpg\" class=\"attachment-large size-large\" alt=\"\" srcset=\"https:\/\/bateau-ivre.fr\/poitiers\/wp-content\/uploads\/sites\/2\/2016\/03\/epicerie-fine-poitiers-01.jpg 480w, https:\/\/bateau-ivre.fr\/poitiers\/wp-content\/uploads\/sites\/2\/2016\/03\/epicerie-fine-poitiers-01-294x300.jpg 294w\" sizes=\"auto, (max-width: 480px) 100vw, 480px\" \/>\n\t\t\t<\/dt><\/dl><dl class='gallery-item'>\n\t\t\t<dt class='gallery-icon portrait'>\n\t\t\t\t<img loading=\"lazy\" decoding=\"async\" width=\"480\" height=\"490\" src=\"https:\/\/bateau-ivre.fr\/poitiers\/wp-content\/uploads\/sites\/2\/2016\/03\/epicerie-fine-poitiers-02.jpg\" class=\"attachment-large size-large\" alt=\"\" srcset=\"https:\/\/bateau-ivre.fr\/poitiers\/wp-content\/uploads\/sites\/2\/2016\/03\/epicerie-fine-poitiers-02.jpg 480w, https:\/\/bateau-ivre.fr\/poitiers\/wp-content\/uploads\/sites\/2\/2016\/03\/epicerie-fine-poitiers-02-294x300.jpg 294w\" sizes=\"auto, (max-width: 480px) 100vw, 480px\" \/>\n\t\t\t<\/dt><\/dl><br style=\"clear: both\" \/>\n\t\t<\/div>\n\n","protected":false},"excerpt":{"rendered":"<p>Vous aimez cuisiner mais il vous manque l\u2019\u00e9pice magique, vous \u00eates fan d\u2019huile d\u2019olive, vous voulez un joli coffret gourmand, [&hellip;]<\/p>\n","protected":false},"author":1,"featured_media":102,"parent":0,"menu_order":0,"comment_status":"closed","ping_status":"closed","template":"","meta":{"footnotes":""},"class_list":["post-168","page","type-page","status-publish","has-post-thumbnail","hentry"],"yoast_head":"<!-- This site is optimized with the Yoast SEO plugin v27.3 - https:\/\/yoast.com\/product\/yoast-seo-wordpress\/ -->\n<title>\u00c9picerie fine - Le Bateau Ivre Poitiers<\/title>\n<meta name=\"robots\" content=\"index, follow, max-snippet:-1, max-image-preview:large, max-video-preview:-1\" \/>\n<link rel=\"canonical\" href=\"https:\/\/bateau-ivre.fr\/poitiers\/epicerie-fine\/\" \/>\n<meta property=\"og:locale\" content=\"fr_FR\" \/>\n<meta property=\"og:type\" content=\"article\" \/>\n<meta property=\"og:title\" content=\"\u00c9picerie fine - Le Bateau Ivre Poitiers\" \/>\n<meta property=\"og:description\" content=\"Vous aimez cuisiner mais il vous manque l\u2019\u00e9pice magique, vous \u00eates fan d\u2019huile d\u2019olive, vous voulez un joli coffret gourmand, [&hellip;]\" \/>\n<meta property=\"og:url\" content=\"https:\/\/bateau-ivre.fr\/poitiers\/epicerie-fine\/\" \/>\n<meta property=\"og:site_name\" content=\"Le Bateau Ivre Poitiers\" \/>\n<meta property=\"article:modified_time\" content=\"2016-09-02T14:44:00+00:00\" \/>\n<meta property=\"og:image\" content=\"https:\/\/bateau-ivre.fr\/poitiers\/wp-content\/uploads\/sites\/2\/2016\/03\/img-bg.jpg\" \/>\n\t<meta property=\"og:image:width\" content=\"1920\" \/>\n\t<meta property=\"og:image:height\" content=\"300\" \/>\n\t<meta property=\"og:image:type\" content=\"image\/jpeg\" \/>\n<meta name=\"twitter:card\" content=\"summary_large_image\" \/>\n<script type=\"application\/ld+json\" class=\"yoast-schema-graph\">{\"@context\":\"https:\\\/\\\/schema.org\",\"@graph\":[{\"@type\":\"WebPage\",\"@id\":\"https:\\\/\\\/bateau-ivre.fr\\\/poitiers\\\/epicerie-fine\\\/\",\"url\":\"https:\\\/\\\/bateau-ivre.fr\\\/poitiers\\\/epicerie-fine\\\/\",\"name\":\"\u00c9picerie fine - Le Bateau Ivre Poitiers\",\"isPartOf\":{\"@id\":\"https:\\\/\\\/bateau-ivre.fr\\\/poitiers\\\/#website\"},\"primaryImageOfPage\":{\"@id\":\"https:\\\/\\\/bateau-ivre.fr\\\/poitiers\\\/epicerie-fine\\\/#primaryimage\"},\"image\":{\"@id\":\"https:\\\/\\\/bateau-ivre.fr\\\/poitiers\\\/epicerie-fine\\\/#primaryimage\"},\"thumbnailUrl\":\"https:\\\/\\\/bateau-ivre.fr\\\/poitiers\\\/wp-content\\\/uploads\\\/sites\\\/2\\\/2016\\\/03\\\/img-bg.jpg\",\"datePublished\":\"2016-03-15T15:37:43+00:00\",\"dateModified\":\"2016-09-02T14:44:00+00:00\",\"breadcrumb\":{\"@id\":\"https:\\\/\\\/bateau-ivre.fr\\\/poitiers\\\/epicerie-fine\\\/#breadcrumb\"},\"inLanguage\":\"fr-FR\",\"potentialAction\":[{\"@type\":\"ReadAction\",\"target\":[\"https:\\\/\\\/bateau-ivre.fr\\\/poitiers\\\/epicerie-fine\\\/\"]}]},{\"@type\":\"ImageObject\",\"inLanguage\":\"fr-FR\",\"@id\":\"https:\\\/\\\/bateau-ivre.fr\\\/poitiers\\\/epicerie-fine\\\/#primaryimage\",\"url\":\"https:\\\/\\\/bateau-ivre.fr\\\/poitiers\\\/wp-content\\\/uploads\\\/sites\\\/2\\\/2016\\\/03\\\/img-bg.jpg\",\"contentUrl\":\"https:\\\/\\\/bateau-ivre.fr\\\/poitiers\\\/wp-content\\\/uploads\\\/sites\\\/2\\\/2016\\\/03\\\/img-bg.jpg\",\"width\":1920,\"height\":300},{\"@type\":\"BreadcrumbList\",\"@id\":\"https:\\\/\\\/bateau-ivre.fr\\\/poitiers\\\/epicerie-fine\\\/#breadcrumb\",\"itemListElement\":[{\"@type\":\"ListItem\",\"position\":1,\"name\":\"Accueil\",\"item\":\"https:\\\/\\\/bateau-ivre.fr\\\/poitiers\\\/\"},{\"@type\":\"ListItem\",\"position\":2,\"name\":\"\u00c9picerie fine\"}]},{\"@type\":\"WebSite\",\"@id\":\"https:\\\/\\\/bateau-ivre.fr\\\/poitiers\\\/#website\",\"url\":\"https:\\\/\\\/bateau-ivre.fr\\\/poitiers\\\/\",\"name\":\"Le Bateau Ivre Poitiers\",\"description\":\"Un site utilisant Sites Bateau Ivre\",\"potentialAction\":[{\"@type\":\"SearchAction\",\"target\":{\"@type\":\"EntryPoint\",\"urlTemplate\":\"https:\\\/\\\/bateau-ivre.fr\\\/poitiers\\\/?s={search_term_string}\"},\"query-input\":{\"@type\":\"PropertyValueSpecification\",\"valueRequired\":true,\"valueName\":\"search_term_string\"}}],\"inLanguage\":\"fr-FR\"}]}<\/script>\n<!-- \/ Yoast SEO plugin. -->","yoast_head_json":{"title":"\u00c9picerie fine - Le Bateau Ivre Poitiers","robots":{"index":"index","follow":"follow","max-snippet":"max-snippet:-1","max-image-preview":"max-image-preview:large","max-video-preview":"max-video-preview:-1"},"canonical":"https:\/\/bateau-ivre.fr\/poitiers\/epicerie-fine\/","og_locale":"fr_FR","og_type":"article","og_title":"\u00c9picerie fine - Le Bateau Ivre Poitiers","og_description":"Vous aimez cuisiner mais il vous manque l\u2019\u00e9pice magique, vous \u00eates fan d\u2019huile d\u2019olive, vous voulez un joli coffret gourmand, [&hellip;]","og_url":"https:\/\/bateau-ivre.fr\/poitiers\/epicerie-fine\/","og_site_name":"Le Bateau Ivre Poitiers","article_modified_time":"2016-09-02T14:44:00+00:00","og_image":[{"width":1920,"height":300,"url":"https:\/\/bateau-ivre.fr\/poitiers\/wp-content\/uploads\/sites\/2\/2016\/03\/img-bg.jpg","type":"image\/jpeg"}],"twitter_card":"summary_large_image","schema":{"@context":"https:\/\/schema.org","@graph":[{"@type":"WebPage","@id":"https:\/\/bateau-ivre.fr\/poitiers\/epicerie-fine\/","url":"https:\/\/bateau-ivre.fr\/poitiers\/epicerie-fine\/","name":"\u00c9picerie fine - Le Bateau Ivre Poitiers","isPartOf":{"@id":"https:\/\/bateau-ivre.fr\/poitiers\/#website"},"primaryImageOfPage":{"@id":"https:\/\/bateau-ivre.fr\/poitiers\/epicerie-fine\/#primaryimage"},"image":{"@id":"https:\/\/bateau-ivre.fr\/poitiers\/epicerie-fine\/#primaryimage"},"thumbnailUrl":"https:\/\/bateau-ivre.fr\/poitiers\/wp-content\/uploads\/sites\/2\/2016\/03\/img-bg.jpg","datePublished":"2016-03-15T15:37:43+00:00","dateModified":"2016-09-02T14:44:00+00:00","breadcrumb":{"@id":"https:\/\/bateau-ivre.fr\/poitiers\/epicerie-fine\/#breadcrumb"},"inLanguage":"fr-FR","potentialAction":[{"@type":"ReadAction","target":["https:\/\/bateau-ivre.fr\/poitiers\/epicerie-fine\/"]}]},{"@type":"ImageObject","inLanguage":"fr-FR","@id":"https:\/\/bateau-ivre.fr\/poitiers\/epicerie-fine\/#primaryimage","url":"https:\/\/bateau-ivre.fr\/poitiers\/wp-content\/uploads\/sites\/2\/2016\/03\/img-bg.jpg","contentUrl":"https:\/\/bateau-ivre.fr\/poitiers\/wp-content\/uploads\/sites\/2\/2016\/03\/img-bg.jpg","width":1920,"height":300},{"@type":"BreadcrumbList","@id":"https:\/\/bateau-ivre.fr\/poitiers\/epicerie-fine\/#breadcrumb","itemListElement":[{"@type":"ListItem","position":1,"name":"Accueil","item":"https:\/\/bateau-ivre.fr\/poitiers\/"},{"@type":"ListItem","position":2,"name":"\u00c9picerie fine"}]},{"@type":"WebSite","@id":"https:\/\/bateau-ivre.fr\/poitiers\/#website","url":"https:\/\/bateau-ivre.fr\/poitiers\/","name":"Le Bateau Ivre Poitiers","description":"Un site utilisant Sites Bateau Ivre","potentialAction":[{"@type":"SearchAction","target":{"@type":"EntryPoint","urlTemplate":"https:\/\/bateau-ivre.fr\/poitiers\/?s={search_term_string}"},"query-input":{"@type":"PropertyValueSpecification","valueRequired":true,"valueName":"search_term_string"}}],"inLanguage":"fr-FR"}]}},"_links":{"self":[{"href":"https:\/\/bateau-ivre.fr\/poitiers\/wp-json\/wp\/v2\/pages\/168","targetHints":{"allow":["GET"]}}],"collection":[{"href":"https:\/\/bateau-ivre.fr\/poitiers\/wp-json\/wp\/v2\/pages"}],"about":[{"href":"https:\/\/bateau-ivre.fr\/poitiers\/wp-json\/wp\/v2\/types\/page"}],"author":[{"embeddable":true,"href":"https:\/\/bateau-ivre.fr\/poitiers\/wp-json\/wp\/v2\/users\/1"}],"replies":[{"embeddable":true,"href":"https:\/\/bateau-ivre.fr\/poitiers\/wp-json\/wp\/v2\/comments?post=168"}],"version-history":[{"count":4,"href":"https:\/\/bateau-ivre.fr\/poitiers\/wp-json\/wp\/v2\/pages\/168\/revisions"}],"predecessor-version":[{"id":212,"href":"https:\/\/bateau-ivre.fr\/poitiers\/wp-json\/wp\/v2\/pages\/168\/revisions\/212"}],"wp:featuredmedia":[{"embeddable":true,"href":"https:\/\/bateau-ivre.fr\/poitiers\/wp-json\/wp\/v2\/media\/102"}],"wp:attachment":[{"href":"https:\/\/bateau-ivre.fr\/poitiers\/wp-json\/wp\/v2\/media?parent=168"}],"curies":[{"name":"wp","href":"https:\/\/api.w.org\/{rel}","templated":true}]}}