{"id":231,"date":"2016-09-08T22:17:23","date_gmt":"2016-09-08T21:17:23","guid":{"rendered":"http:\/\/bateau-ivre.fr\/poitiers\/?page_id=231"},"modified":"2025-03-20T09:40:25","modified_gmt":"2025-03-20T08:40:25","slug":"contact","status":"publish","type":"page","link":"https:\/\/bateau-ivre.fr\/poitiers\/contact\/","title":{"rendered":"Contact"},"content":{"rendered":"<p>[vc_row][vc_column width=&#8221;1\/2&#8243;][vc_column_text]<\/p>\n<h4 style=\"text-align: right;\">Pour toute demande relative \u00e0 un devis ou \u00e0 des renseignements merci de nous \u00e9crire un mail \u00e0 l\u2019adresse\u00a0<strong>bateauivre86@gmail.com<\/strong>\u00a0et nous nous chargerons de vous r\u00e9pondre au plus vite<\/h4>\n<h3 style=\"text-align: right;\">Pour r\u00e9server \u00e0 Poitiers<\/h3>\n<p style=\"text-align: right;\">appelez au 05 49 41 33 33<\/p>\n<p style=\"text-align: right;\">Plus de d\u00e9tails sur le site du <a href=\"http:\/\/bateau-ivre.fr\/poitiers\/\">restaurant de Poitiers<\/a><\/p>\n<h3 style=\"text-align: right;\">Pour r\u00e9server \u00e0 Mign\u00e9-Auxances<\/h3>\n<p style=\"text-align: right;\">appelez au 05 49 41 33 35<\/p>\n<p style=\"text-align: right;\">Plus de d\u00e9tails sur le site du <a href=\"http:\/\/bateau-ivre.fr\/migne\/\">restaurant de Mign\u00e9-Auxances<\/a><\/p>\n<p>[\/vc_column_text][\/vc_column][vc_column width=&#8221;1\/2&#8243;]<style id=\"wpforms-css-vars-721\">\n\t\t\t\t#wpforms-721 {\n\t\t\t\t--wpforms-container-padding: 0px;\n--wpforms-container-border-width: 1px;\n--wpforms-container-border-radius: 3px;\n--wpforms-background-color: rgba(0, 0, 0, 0);\n--wpforms-field-size-input-height: 43px;\n--wpforms-field-size-input-spacing: 15px;\n--wpforms-field-size-font-size: 16px;\n--wpforms-field-size-line-height: 19px;\n--wpforms-field-size-padding-h: 14px;\n--wpforms-field-size-checkbox-size: 16px;\n--wpforms-field-size-sublabel-spacing: 5px;\n--wpforms-field-size-icon-size: 1;\n--wpforms-label-size-font-size: 16px;\n--wpforms-label-size-line-height: 19px;\n--wpforms-label-size-sublabel-font-size: 14px;\n--wpforms-label-size-sublabel-line-height: 17px;\n--wpforms-button-size-font-size: 17px;\n--wpforms-button-size-height: 41px;\n--wpforms-button-size-padding-h: 15px;\n--wpforms-button-size-margin-top: 10px;\n--wpforms-container-shadow-size-box-shadow: none;\n\t\t\t}\n\t\t\t<\/style><div class=\"wpforms-container wpforms-container-full wpforms-render-modern\" id=\"wpforms-721\"><form id=\"wpforms-form-721\" class=\"wpforms-validate wpforms-form wpforms-ajax-form\" data-formid=\"721\" method=\"post\" enctype=\"multipart\/form-data\" action=\"\/poitiers\/wp-json\/wp\/v2\/pages\/231\" data-token=\"dff61c5c5e3b0a7aa96c1d5c5e0629e0\" data-token-time=\"1777438755\"><div class=\"wpforms-head-container\"><div class=\"wpforms-title\">Formulaire de contact<\/div><\/div><noscript class=\"wpforms-error-noscript\">Veuillez activer JavaScript dans votre navigateur pour remplir ce formulaire.<\/noscript><div id=\"wpforms-error-noscript\" style=\"display: none;\">Veuillez activer JavaScript dans votre navigateur pour remplir ce formulaire.<\/div><div class=\"wpforms-field-container\">\t\t<div id=\"wpforms-721-field_6-container\"\n\t\t\tclass=\"wpforms-field wpforms-field-text\"\n\t\t\tdata-field-type=\"text\"\n\t\t\tdata-field-id=\"6\"\n\t\t\t>\n\t\t\t<label class=\"wpforms-field-label\" for=\"wpforms-721-field_6\" >Nom Liste r\u00e9diger<\/label>\n\t\t\t<input type=\"text\" id=\"wpforms-721-field_6\" class=\"wpforms-field-medium\" name=\"wpforms[fields][6]\" >\n\t\t<\/div>\n\t\t<div id=\"wpforms-721-field_1-container\" class=\"wpforms-field wpforms-field-name\" data-field-id=\"1\"><fieldset><legend class=\"wpforms-field-label\">Nom <span class=\"wpforms-required-label\" aria-hidden=\"true\">*<\/span><\/legend><div class=\"wpforms-field-row wpforms-field-medium\"><div class=\"wpforms-field-row-block wpforms-first wpforms-one-half\"><input type=\"text\" id=\"wpforms-721-field_1\" class=\"wpforms-field-name-first wpforms-field-required\" name=\"wpforms[fields][1][first]\" aria-errormessage=\"wpforms-721-field_1-error\" required><label for=\"wpforms-721-field_1\" class=\"wpforms-field-sublabel after\">Pr\u00e9nom<\/label><\/div><div class=\"wpforms-field-row-block wpforms-one-half\"><input type=\"text\" id=\"wpforms-721-field_1-last\" class=\"wpforms-field-name-last wpforms-field-required\" name=\"wpforms[fields][1][last]\" aria-errormessage=\"wpforms-721-field_1-last-error\" required><label for=\"wpforms-721-field_1-last\" class=\"wpforms-field-sublabel after\">Nom<\/label><\/div><\/div><\/fieldset><\/div><div id=\"wpforms-721-field_5-container\" class=\"wpforms-field wpforms-field-number\" data-field-id=\"5\"><label class=\"wpforms-field-label\" for=\"wpforms-721-field_5\">Num\u00e9ro de t\u00e9l\u00e9phone <span class=\"wpforms-required-label\" aria-hidden=\"true\">*<\/span><\/label><input type=\"number\" id=\"wpforms-721-field_5\" class=\"wpforms-field-medium wpforms-field-required\" name=\"wpforms[fields][5]\" step=\"any\" aria-errormessage=\"wpforms-721-field_5-error\" required><\/div><div id=\"wpforms-721-field_2-container\" class=\"wpforms-field wpforms-field-email\" data-field-id=\"2\"><label class=\"wpforms-field-label\" for=\"wpforms-721-field_2\">E-mail <span class=\"wpforms-required-label\" aria-hidden=\"true\">*<\/span><\/label><input type=\"email\" id=\"wpforms-721-field_2\" class=\"wpforms-field-medium wpforms-field-required\" name=\"wpforms[fields][2]\" spellcheck=\"false\" aria-errormessage=\"wpforms-721-field_2-error\" required><\/div><div id=\"wpforms-721-field_4-container\" class=\"wpforms-field wpforms-field-select wpforms-field-select-style-classic\" data-field-id=\"4\"><label class=\"wpforms-field-label\" for=\"wpforms-721-field_4\">Liste d\u00e9roulante <span class=\"wpforms-required-label\" aria-hidden=\"true\">*<\/span><\/label><select id=\"wpforms-721-field_4\" class=\"wpforms-field-medium wpforms-field-required\" name=\"wpforms[fields][4]\" required=\"required\"><option value=\"\" class=\"placeholder\" disabled  selected='selected'>--- S\u00e9lectionner un choix ---<\/option><option value=\"Bateau Ivre de Poitiers\"  class=\"choice-1 depth-1\"  >Bateau Ivre de Poitiers<\/option><option value=\"Traiteur By Le Bateau Ivre\"  class=\"choice-2 depth-1\"  >Traiteur By Le Bateau Ivre<\/option><option value=\"Bateau Ivre Mign\u00e9 Auxances\"  class=\"choice-4 depth-1\"  >Bateau Ivre Mign\u00e9 Auxances<\/option><\/select><\/div><div id=\"wpforms-721-field_3-container\" class=\"wpforms-field wpforms-field-textarea\" data-field-id=\"3\"><label class=\"wpforms-field-label\" for=\"wpforms-721-field_3\">Veuillez r\u00e9diger votre message. <span class=\"wpforms-required-label\" aria-hidden=\"true\">*<\/span><\/label><textarea id=\"wpforms-721-field_3\" class=\"wpforms-field-medium wpforms-field-required\" name=\"wpforms[fields][3]\" aria-errormessage=\"wpforms-721-field_3-error\" required><\/textarea><\/div><script>\n\t\t\t\t( function() {\n\t\t\t\t\tconst style = document.createElement( 'style' );\n\t\t\t\t\tstyle.appendChild( document.createTextNode( '#wpforms-721-field_6-container { position: absolute !important; overflow: hidden !important; display: inline !important; height: 1px !important; width: 1px !important; z-index: -1000 !important; padding: 0 !important; } #wpforms-721-field_6-container input { visibility: hidden; } #wpforms-conversational-form-page #wpforms-721-field_6-container label { counter-increment: none; }' ) );\n\t\t\t\t\tdocument.head.appendChild( style );\n\t\t\t\t\tdocument.currentScript?.remove();\n\t\t\t\t} )();\n\t\t\t<\/script><\/div><!-- .wpforms-field-container --><div class=\"wpforms-submit-container\" ><input type=\"hidden\" name=\"wpforms[id]\" value=\"721\"><input type=\"hidden\" name=\"page_title\" value=\"\"><input type=\"hidden\" name=\"page_url\" value=\"https:\/\/bateau-ivre.fr\/poitiers\/wp-json\/wp\/v2\/pages\/231\"><input type=\"hidden\" name=\"url_referer\" value=\"\"><button type=\"submit\" name=\"wpforms[submit]\" id=\"wpforms-submit-721\" class=\"wpforms-submit\" data-alt-text=\"Envoi...\" data-submit-text=\"Envoyer\" aria-live=\"assertive\" value=\"wpforms-submit\">Envoyer<\/button><img loading=\"lazy\" decoding=\"async\" src=\"https:\/\/bateau-ivre.fr\/poitiers\/wp-content\/plugins\/wpforms-lite\/assets\/images\/submit-spin.svg\" class=\"wpforms-submit-spinner\" style=\"display: none;\" width=\"26\" height=\"26\" alt=\"Chargement en cours\"><\/div><\/form><\/div>  <!-- .wpforms-container -->[\/vc_column][\/vc_row]<\/p>\n","protected":false},"excerpt":{"rendered":"<p>[vc_row][vc_column width=&#8221;1\/2&#8243;][vc_column_text] Pour toute demande relative \u00e0 un devis ou \u00e0 des renseignements merci de nous \u00e9crire un mail \u00e0 [&hellip;]<\/p>\n","protected":false},"author":1,"featured_media":102,"parent":0,"menu_order":0,"comment_status":"closed","ping_status":"closed","template":"page-fullscreen.php","meta":{"footnotes":""},"class_list":["post-231","page","type-page","status-publish","has-post-thumbnail","hentry"],"yoast_head":"<!-- This site is optimized with the Yoast SEO plugin v27.5 - https:\/\/yoast.com\/product\/yoast-seo-wordpress\/ -->\n<title>Contact - Le Bateau Ivre Poitiers<\/title>\n<meta name=\"robots\" content=\"index, follow, max-snippet:-1, max-image-preview:large, max-video-preview:-1\" \/>\n<link rel=\"canonical\" href=\"https:\/\/bateau-ivre.fr\/poitiers\/contact\/\" \/>\n<meta property=\"og:locale\" content=\"fr_FR\" \/>\n<meta property=\"og:type\" content=\"article\" \/>\n<meta property=\"og:title\" content=\"Contact - Le Bateau Ivre Poitiers\" \/>\n<meta property=\"og:description\" content=\"[vc_row][vc_column width=&#8221;1\/2&#8243;][vc_column_text] Pour toute demande relative \u00e0 un devis ou \u00e0 des renseignements merci de nous \u00e9crire un mail \u00e0 [&hellip;]\" \/>\n<meta property=\"og:url\" content=\"https:\/\/bateau-ivre.fr\/poitiers\/contact\/\" \/>\n<meta property=\"og:site_name\" content=\"Le Bateau Ivre Poitiers\" \/>\n<meta property=\"article:modified_time\" content=\"2025-03-20T08:40:25+00:00\" \/>\n<meta property=\"og:image\" content=\"https:\/\/bateau-ivre.fr\/poitiers\/wp-content\/uploads\/sites\/2\/2016\/03\/img-bg.jpg\" \/>\n\t<meta property=\"og:image:width\" content=\"1920\" \/>\n\t<meta property=\"og:image:height\" content=\"300\" \/>\n\t<meta property=\"og:image:type\" content=\"image\/jpeg\" \/>\n<meta name=\"twitter:card\" content=\"summary_large_image\" \/>\n<meta name=\"twitter:label1\" content=\"Dur\u00e9e de lecture estim\u00e9e\" \/>\n\t<meta name=\"twitter:data1\" content=\"1 minute\" \/>\n<script type=\"application\/ld+json\" class=\"yoast-schema-graph\">{\"@context\":\"https:\\\/\\\/schema.org\",\"@graph\":[{\"@type\":\"WebPage\",\"@id\":\"https:\\\/\\\/bateau-ivre.fr\\\/poitiers\\\/contact\\\/\",\"url\":\"https:\\\/\\\/bateau-ivre.fr\\\/poitiers\\\/contact\\\/\",\"name\":\"Contact - Le Bateau Ivre Poitiers\",\"isPartOf\":{\"@id\":\"https:\\\/\\\/bateau-ivre.fr\\\/poitiers\\\/#website\"},\"primaryImageOfPage\":{\"@id\":\"https:\\\/\\\/bateau-ivre.fr\\\/poitiers\\\/contact\\\/#primaryimage\"},\"image\":{\"@id\":\"https:\\\/\\\/bateau-ivre.fr\\\/poitiers\\\/contact\\\/#primaryimage\"},\"thumbnailUrl\":\"https:\\\/\\\/bateau-ivre.fr\\\/poitiers\\\/wp-content\\\/uploads\\\/sites\\\/2\\\/2016\\\/03\\\/img-bg.jpg\",\"datePublished\":\"2016-09-08T21:17:23+00:00\",\"dateModified\":\"2025-03-20T08:40:25+00:00\",\"breadcrumb\":{\"@id\":\"https:\\\/\\\/bateau-ivre.fr\\\/poitiers\\\/contact\\\/#breadcrumb\"},\"inLanguage\":\"fr-FR\",\"potentialAction\":[{\"@type\":\"ReadAction\",\"target\":[\"https:\\\/\\\/bateau-ivre.fr\\\/poitiers\\\/contact\\\/\"]}]},{\"@type\":\"ImageObject\",\"inLanguage\":\"fr-FR\",\"@id\":\"https:\\\/\\\/bateau-ivre.fr\\\/poitiers\\\/contact\\\/#primaryimage\",\"url\":\"https:\\\/\\\/bateau-ivre.fr\\\/poitiers\\\/wp-content\\\/uploads\\\/sites\\\/2\\\/2016\\\/03\\\/img-bg.jpg\",\"contentUrl\":\"https:\\\/\\\/bateau-ivre.fr\\\/poitiers\\\/wp-content\\\/uploads\\\/sites\\\/2\\\/2016\\\/03\\\/img-bg.jpg\",\"width\":1920,\"height\":300},{\"@type\":\"BreadcrumbList\",\"@id\":\"https:\\\/\\\/bateau-ivre.fr\\\/poitiers\\\/contact\\\/#breadcrumb\",\"itemListElement\":[{\"@type\":\"ListItem\",\"position\":1,\"name\":\"Accueil\",\"item\":\"https:\\\/\\\/bateau-ivre.fr\\\/poitiers\\\/\"},{\"@type\":\"ListItem\",\"position\":2,\"name\":\"Contact\"}]},{\"@type\":\"WebSite\",\"@id\":\"https:\\\/\\\/bateau-ivre.fr\\\/poitiers\\\/#website\",\"url\":\"https:\\\/\\\/bateau-ivre.fr\\\/poitiers\\\/\",\"name\":\"Le Bateau Ivre Poitiers\",\"description\":\"Un site utilisant Sites Bateau Ivre\",\"potentialAction\":[{\"@type\":\"SearchAction\",\"target\":{\"@type\":\"EntryPoint\",\"urlTemplate\":\"https:\\\/\\\/bateau-ivre.fr\\\/poitiers\\\/?s={search_term_string}\"},\"query-input\":{\"@type\":\"PropertyValueSpecification\",\"valueRequired\":true,\"valueName\":\"search_term_string\"}}],\"inLanguage\":\"fr-FR\"}]}<\/script>\n<!-- \/ Yoast SEO plugin. -->","yoast_head_json":{"title":"Contact - Le Bateau Ivre Poitiers","robots":{"index":"index","follow":"follow","max-snippet":"max-snippet:-1","max-image-preview":"max-image-preview:large","max-video-preview":"max-video-preview:-1"},"canonical":"https:\/\/bateau-ivre.fr\/poitiers\/contact\/","og_locale":"fr_FR","og_type":"article","og_title":"Contact - Le Bateau Ivre Poitiers","og_description":"[vc_row][vc_column width=&#8221;1\/2&#8243;][vc_column_text] Pour toute demande relative \u00e0 un devis ou \u00e0 des renseignements merci de nous \u00e9crire un mail \u00e0 [&hellip;]","og_url":"https:\/\/bateau-ivre.fr\/poitiers\/contact\/","og_site_name":"Le Bateau Ivre Poitiers","article_modified_time":"2025-03-20T08:40:25+00:00","og_image":[{"width":1920,"height":300,"url":"https:\/\/bateau-ivre.fr\/poitiers\/wp-content\/uploads\/sites\/2\/2016\/03\/img-bg.jpg","type":"image\/jpeg"}],"twitter_card":"summary_large_image","twitter_misc":{"Dur\u00e9e de lecture estim\u00e9e":"1 minute"},"schema":{"@context":"https:\/\/schema.org","@graph":[{"@type":"WebPage","@id":"https:\/\/bateau-ivre.fr\/poitiers\/contact\/","url":"https:\/\/bateau-ivre.fr\/poitiers\/contact\/","name":"Contact - Le Bateau Ivre Poitiers","isPartOf":{"@id":"https:\/\/bateau-ivre.fr\/poitiers\/#website"},"primaryImageOfPage":{"@id":"https:\/\/bateau-ivre.fr\/poitiers\/contact\/#primaryimage"},"image":{"@id":"https:\/\/bateau-ivre.fr\/poitiers\/contact\/#primaryimage"},"thumbnailUrl":"https:\/\/bateau-ivre.fr\/poitiers\/wp-content\/uploads\/sites\/2\/2016\/03\/img-bg.jpg","datePublished":"2016-09-08T21:17:23+00:00","dateModified":"2025-03-20T08:40:25+00:00","breadcrumb":{"@id":"https:\/\/bateau-ivre.fr\/poitiers\/contact\/#breadcrumb"},"inLanguage":"fr-FR","potentialAction":[{"@type":"ReadAction","target":["https:\/\/bateau-ivre.fr\/poitiers\/contact\/"]}]},{"@type":"ImageObject","inLanguage":"fr-FR","@id":"https:\/\/bateau-ivre.fr\/poitiers\/contact\/#primaryimage","url":"https:\/\/bateau-ivre.fr\/poitiers\/wp-content\/uploads\/sites\/2\/2016\/03\/img-bg.jpg","contentUrl":"https:\/\/bateau-ivre.fr\/poitiers\/wp-content\/uploads\/sites\/2\/2016\/03\/img-bg.jpg","width":1920,"height":300},{"@type":"BreadcrumbList","@id":"https:\/\/bateau-ivre.fr\/poitiers\/contact\/#breadcrumb","itemListElement":[{"@type":"ListItem","position":1,"name":"Accueil","item":"https:\/\/bateau-ivre.fr\/poitiers\/"},{"@type":"ListItem","position":2,"name":"Contact"}]},{"@type":"WebSite","@id":"https:\/\/bateau-ivre.fr\/poitiers\/#website","url":"https:\/\/bateau-ivre.fr\/poitiers\/","name":"Le Bateau Ivre Poitiers","description":"Un site utilisant Sites Bateau Ivre","potentialAction":[{"@type":"SearchAction","target":{"@type":"EntryPoint","urlTemplate":"https:\/\/bateau-ivre.fr\/poitiers\/?s={search_term_string}"},"query-input":{"@type":"PropertyValueSpecification","valueRequired":true,"valueName":"search_term_string"}}],"inLanguage":"fr-FR"}]}},"_links":{"self":[{"href":"https:\/\/bateau-ivre.fr\/poitiers\/wp-json\/wp\/v2\/pages\/231","targetHints":{"allow":["GET"]}}],"collection":[{"href":"https:\/\/bateau-ivre.fr\/poitiers\/wp-json\/wp\/v2\/pages"}],"about":[{"href":"https:\/\/bateau-ivre.fr\/poitiers\/wp-json\/wp\/v2\/types\/page"}],"author":[{"embeddable":true,"href":"https:\/\/bateau-ivre.fr\/poitiers\/wp-json\/wp\/v2\/users\/1"}],"replies":[{"embeddable":true,"href":"https:\/\/bateau-ivre.fr\/poitiers\/wp-json\/wp\/v2\/comments?post=231"}],"version-history":[{"count":6,"href":"https:\/\/bateau-ivre.fr\/poitiers\/wp-json\/wp\/v2\/pages\/231\/revisions"}],"predecessor-version":[{"id":705,"href":"https:\/\/bateau-ivre.fr\/poitiers\/wp-json\/wp\/v2\/pages\/231\/revisions\/705"}],"wp:featuredmedia":[{"embeddable":true,"href":"https:\/\/bateau-ivre.fr\/poitiers\/wp-json\/wp\/v2\/media\/102"}],"wp:attachment":[{"href":"https:\/\/bateau-ivre.fr\/poitiers\/wp-json\/wp\/v2\/media?parent=231"}],"curies":[{"name":"wp","href":"https:\/\/api.w.org\/{rel}","templated":true}]}}