{"id":649,"date":"2025-02-26T18:01:32","date_gmt":"2025-02-26T17:01:32","guid":{"rendered":"https:\/\/bateau-ivre.fr\/poitiers\/?page_id=649"},"modified":"2025-03-20T09:38:44","modified_gmt":"2025-03-20T08:38:44","slug":"events-by-le-bateau-ivre-traiteur","status":"publish","type":"page","link":"https:\/\/bateau-ivre.fr\/poitiers\/accueil\/events-by-le-bateau-ivre-traiteur\/","title":{"rendered":"Events by LE BATEAU IVRE Traiteur"},"content":{"rendered":"<p>[vc_row][vc_column width=&#8221;1\/2&#8243;][vc_single_image image=&#8221;689&#8243; img_size=&#8221;full&#8221; alignment=&#8221;center&#8221;][\/vc_column][vc_column width=&#8221;1\/2&#8243;][vc_column_text]<\/p>\n<div>\n<div>\n<h4>D\u00e9couvrez l&#8217;exp\u00e9rience culinaire de Le Bateau Ivre, disponible pour vos \u00e9v\u00e9nements avec un service traiteur exceptionnel. Que ce soit pour un cocktail, un petit d\u00e9jeuner, un mariage ou une c\u00e9l\u00e9bration familiale, notre \u00e9quipe ravira vos invit\u00e9s avec une vari\u00e9t\u00e9 de pi\u00e8ces cocktail chaudes et froides, ainsi que des planches de charcuteries et fromages de qualit\u00e9. Nous offrons aussi des douceurs sucr\u00e9es pour ajouter une touche gourmande.<\/h4>\n<\/div>\n<h4>Nous prenons soin des d\u00e9tails, possibilit\u00e9 de louer le mat\u00e9riel n\u00e9cessaire (mange-debout, vaisselle, verrerie) et proposons \u00e9galement une s\u00e9lection de boissons. Un service de livraison est possible pour que vous puissiez profiter de votre \u00e9v\u00e9nement.<\/h4>\n<div>\n<h4>Vous pouvez aussi imaginez notre food truck sur place, offrant des plats pr\u00e9par\u00e9s par notre \u00e9quipe pour rendre votre journ\u00e9e inoubliable. Contactez-nous pour discuter de vos besoins et cr\u00e9er une r\u00e9ception m\u00e9morable.<\/h4>\n<\/div>\n<\/div>\n<p>[\/vc_column_text][\/vc_column][\/vc_row][vc_row][vc_column][vc_column_text]<\/p>\n<div style=\"text-align: center;\">\n<div>\n<h4>Pour toute demande d&#8217;information, nous vous prions de bien vouloir remplir le formulaire en indiquant la date, le lieu de votre \u00e9v\u00e9nement, ainsi que le type de prestation souhait\u00e9e. Cela nous permettra de vous contacter dans les meilleurs d\u00e9lais.<\/h4>\n<\/div>\n<\/div>\n<p>[\/vc_column_text][\/vc_column][\/vc_row][vc_row][vc_column width=&#8221;1\/2&#8243;][vc_gallery interval=&#8221;3&#8243; images=&#8221;702,701,700,699,698,697,696,695,694,693,692,674,673,672,671,670,669,668,667,666&#8243; img_size=&#8221;940 x 940&#8243;][\/vc_column][vc_column width=&#8221;1\/2&#8243;]<style id=\"wpforms-css-vars-721\">\n\t\t\t\t#wpforms-721 {\n\t\t\t\t--wpforms-container-padding: 0px;\n--wpforms-container-border-width: 1px;\n--wpforms-container-border-radius: 3px;\n--wpforms-background-color: rgba(0, 0, 0, 0);\n--wpforms-field-size-input-height: 43px;\n--wpforms-field-size-input-spacing: 15px;\n--wpforms-field-size-font-size: 16px;\n--wpforms-field-size-line-height: 19px;\n--wpforms-field-size-padding-h: 14px;\n--wpforms-field-size-checkbox-size: 16px;\n--wpforms-field-size-sublabel-spacing: 5px;\n--wpforms-field-size-icon-size: 1;\n--wpforms-label-size-font-size: 16px;\n--wpforms-label-size-line-height: 19px;\n--wpforms-label-size-sublabel-font-size: 14px;\n--wpforms-label-size-sublabel-line-height: 17px;\n--wpforms-button-size-font-size: 17px;\n--wpforms-button-size-height: 41px;\n--wpforms-button-size-padding-h: 15px;\n--wpforms-button-size-margin-top: 10px;\n--wpforms-container-shadow-size-box-shadow: none;\n\t\t\t}\n\t\t\t<\/style><div class=\"wpforms-container wpforms-container-full wpforms-render-modern\" id=\"wpforms-721\"><form id=\"wpforms-form-721\" class=\"wpforms-validate wpforms-form wpforms-ajax-form\" data-formid=\"721\" method=\"post\" enctype=\"multipart\/form-data\" action=\"\/poitiers\/wp-json\/wp\/v2\/pages\/649\" data-token=\"7f611c916452cddd1fe1cf8854c8fca4\" data-token-time=\"1775687409\"><noscript class=\"wpforms-error-noscript\">Veuillez activer JavaScript dans votre navigateur pour remplir ce formulaire.<\/noscript><div id=\"wpforms-error-noscript\" style=\"display: none;\">Veuillez activer JavaScript dans votre navigateur pour remplir ce formulaire.<\/div><div class=\"wpforms-field-container\"><div id=\"wpforms-721-field_1-container\" class=\"wpforms-field wpforms-field-name\" data-field-id=\"1\"><fieldset><legend class=\"wpforms-field-label\">Nom <span class=\"wpforms-required-label\" aria-hidden=\"true\">*<\/span><\/legend><div class=\"wpforms-field-row wpforms-field-medium\"><div class=\"wpforms-field-row-block wpforms-first wpforms-one-half\"><input type=\"text\" id=\"wpforms-721-field_1\" class=\"wpforms-field-name-first wpforms-field-required\" name=\"wpforms[fields][1][first]\" aria-errormessage=\"wpforms-721-field_1-error\" required><label for=\"wpforms-721-field_1\" class=\"wpforms-field-sublabel after\">Pr\u00e9nom<\/label><\/div><div class=\"wpforms-field-row-block wpforms-one-half\"><input type=\"text\" id=\"wpforms-721-field_1-last\" class=\"wpforms-field-name-last wpforms-field-required\" name=\"wpforms[fields][1][last]\" aria-errormessage=\"wpforms-721-field_1-last-error\" required><label for=\"wpforms-721-field_1-last\" class=\"wpforms-field-sublabel after\">Nom<\/label><\/div><\/div><\/fieldset><\/div><div id=\"wpforms-721-field_5-container\" class=\"wpforms-field wpforms-field-number\" data-field-id=\"5\"><label class=\"wpforms-field-label\" for=\"wpforms-721-field_5\">Num\u00e9ro de t\u00e9l\u00e9phone <span class=\"wpforms-required-label\" aria-hidden=\"true\">*<\/span><\/label><input type=\"number\" id=\"wpforms-721-field_5\" class=\"wpforms-field-medium wpforms-field-required\" name=\"wpforms[fields][5]\" step=\"any\" aria-errormessage=\"wpforms-721-field_5-error\" required><\/div>\t\t<div id=\"wpforms-721-field_6-container\"\n\t\t\tclass=\"wpforms-field wpforms-field-text\"\n\t\t\tdata-field-type=\"text\"\n\t\t\tdata-field-id=\"6\"\n\t\t\t>\n\t\t\t<label class=\"wpforms-field-label\" for=\"wpforms-721-field_6\" >Num\u00e9ro Liste message.<\/label>\n\t\t\t<input type=\"text\" id=\"wpforms-721-field_6\" class=\"wpforms-field-medium\" name=\"wpforms[fields][6]\" >\n\t\t<\/div>\n\t\t<div id=\"wpforms-721-field_2-container\" class=\"wpforms-field wpforms-field-email\" data-field-id=\"2\"><label class=\"wpforms-field-label\" for=\"wpforms-721-field_2\">E-mail <span class=\"wpforms-required-label\" aria-hidden=\"true\">*<\/span><\/label><input type=\"email\" id=\"wpforms-721-field_2\" class=\"wpforms-field-medium wpforms-field-required\" name=\"wpforms[fields][2]\" spellcheck=\"false\" aria-errormessage=\"wpforms-721-field_2-error\" required><\/div><div id=\"wpforms-721-field_4-container\" class=\"wpforms-field wpforms-field-select wpforms-field-select-style-classic\" data-field-id=\"4\"><label class=\"wpforms-field-label\" for=\"wpforms-721-field_4\">Liste d\u00e9roulante <span class=\"wpforms-required-label\" aria-hidden=\"true\">*<\/span><\/label><select id=\"wpforms-721-field_4\" class=\"wpforms-field-medium wpforms-field-required\" name=\"wpforms[fields][4]\" required=\"required\"><option value=\"\" class=\"placeholder\" disabled  selected='selected'>--- S\u00e9lectionner un choix ---<\/option><option value=\"Bateau Ivre de Poitiers\"  class=\"choice-1 depth-1\"  >Bateau Ivre de Poitiers<\/option><option value=\"Traiteur By Le Bateau Ivre\"  class=\"choice-2 depth-1\"  >Traiteur By Le Bateau Ivre<\/option><option value=\"Bateau Ivre Mign\u00e9 Auxances\"  class=\"choice-4 depth-1\"  >Bateau Ivre Mign\u00e9 Auxances<\/option><\/select><\/div><div id=\"wpforms-721-field_3-container\" class=\"wpforms-field wpforms-field-textarea\" data-field-id=\"3\"><label class=\"wpforms-field-label\" for=\"wpforms-721-field_3\">Veuillez r\u00e9diger votre message. <span class=\"wpforms-required-label\" aria-hidden=\"true\">*<\/span><\/label><textarea id=\"wpforms-721-field_3\" class=\"wpforms-field-medium wpforms-field-required\" name=\"wpforms[fields][3]\" aria-errormessage=\"wpforms-721-field_3-error\" required><\/textarea><\/div><script>\n\t\t\t\t( function() {\n\t\t\t\t\tconst style = document.createElement( 'style' );\n\t\t\t\t\tstyle.appendChild( document.createTextNode( '#wpforms-721-field_6-container { position: absolute !important; overflow: hidden !important; display: inline !important; height: 1px !important; width: 1px !important; z-index: -1000 !important; padding: 0 !important; } #wpforms-721-field_6-container input { visibility: hidden; } #wpforms-conversational-form-page #wpforms-721-field_6-container label { counter-increment: none; }' ) );\n\t\t\t\t\tdocument.head.appendChild( style );\n\t\t\t\t\tdocument.currentScript?.remove();\n\t\t\t\t} )();\n\t\t\t<\/script><\/div><!-- .wpforms-field-container --><div class=\"wpforms-submit-container\" ><input type=\"hidden\" name=\"wpforms[id]\" value=\"721\"><input type=\"hidden\" name=\"page_title\" value=\"\"><input type=\"hidden\" name=\"page_url\" value=\"https:\/\/bateau-ivre.fr\/poitiers\/wp-json\/wp\/v2\/pages\/649\"><input type=\"hidden\" name=\"url_referer\" value=\"\"><button type=\"submit\" name=\"wpforms[submit]\" id=\"wpforms-submit-721\" class=\"wpforms-submit\" data-alt-text=\"Envoi...\" data-submit-text=\"Envoyer\" aria-live=\"assertive\" value=\"wpforms-submit\">Envoyer<\/button><img loading=\"lazy\" decoding=\"async\" src=\"https:\/\/bateau-ivre.fr\/poitiers\/wp-content\/plugins\/wpforms-lite\/assets\/images\/submit-spin.svg\" class=\"wpforms-submit-spinner\" style=\"display: none;\" width=\"26\" height=\"26\" alt=\"Chargement en cours\"><\/div><\/form><\/div>  <!-- .wpforms-container -->[\/vc_column][\/vc_row]<\/p>\n","protected":false},"excerpt":{"rendered":"<p>[vc_row][vc_column width=&#8221;1\/2&#8243;][vc_single_image image=&#8221;689&#8243; img_size=&#8221;full&#8221; alignment=&#8221;center&#8221;][\/vc_column][vc_column width=&#8221;1\/2&#8243;][vc_column_text] D\u00e9couvrez l&#8217;exp\u00e9rience culinaire de Le Bateau Ivre, disponible pour vos \u00e9v\u00e9nements avec un service [&hellip;]<\/p>\n","protected":false},"author":6,"featured_media":0,"parent":6,"menu_order":0,"comment_status":"closed","ping_status":"closed","template":"","meta":{"footnotes":""},"class_list":["post-649","page","type-page","status-publish","hentry"],"yoast_head":"<!-- This site is optimized with the Yoast SEO plugin v27.3 - https:\/\/yoast.com\/product\/yoast-seo-wordpress\/ -->\n<title>Events by LE BATEAU IVRE Traiteur - Le Bateau Ivre Poitiers<\/title>\n<meta name=\"robots\" content=\"index, follow, max-snippet:-1, max-image-preview:large, max-video-preview:-1\" \/>\n<link rel=\"canonical\" href=\"https:\/\/bateau-ivre.fr\/poitiers\/accueil\/events-by-le-bateau-ivre-traiteur\/\" \/>\n<meta property=\"og:locale\" content=\"fr_FR\" \/>\n<meta property=\"og:type\" content=\"article\" \/>\n<meta property=\"og:title\" content=\"Events by LE BATEAU IVRE Traiteur - Le Bateau Ivre Poitiers\" \/>\n<meta property=\"og:description\" content=\"[vc_row][vc_column width=&#8221;1\/2&#8243;][vc_single_image image=&#8221;689&#8243; img_size=&#8221;full&#8221; alignment=&#8221;center&#8221;][\/vc_column][vc_column width=&#8221;1\/2&#8243;][vc_column_text] D\u00e9couvrez l&#8217;exp\u00e9rience culinaire de Le Bateau Ivre, disponible pour vos \u00e9v\u00e9nements avec un service [&hellip;]\" \/>\n<meta property=\"og:url\" content=\"https:\/\/bateau-ivre.fr\/poitiers\/accueil\/events-by-le-bateau-ivre-traiteur\/\" \/>\n<meta property=\"og:site_name\" content=\"Le Bateau Ivre Poitiers\" \/>\n<meta property=\"article:modified_time\" content=\"2025-03-20T08:38:44+00:00\" \/>\n<meta name=\"twitter:card\" content=\"summary_large_image\" \/>\n<meta name=\"twitter:label1\" content=\"Dur\u00e9e de lecture estim\u00e9e\" \/>\n\t<meta name=\"twitter:data1\" content=\"1 minute\" \/>\n<script type=\"application\/ld+json\" class=\"yoast-schema-graph\">{\"@context\":\"https:\\\/\\\/schema.org\",\"@graph\":[{\"@type\":\"WebPage\",\"@id\":\"https:\\\/\\\/bateau-ivre.fr\\\/poitiers\\\/accueil\\\/events-by-le-bateau-ivre-traiteur\\\/\",\"url\":\"https:\\\/\\\/bateau-ivre.fr\\\/poitiers\\\/accueil\\\/events-by-le-bateau-ivre-traiteur\\\/\",\"name\":\"Events by LE BATEAU IVRE Traiteur - Le Bateau Ivre Poitiers\",\"isPartOf\":{\"@id\":\"https:\\\/\\\/bateau-ivre.fr\\\/poitiers\\\/#website\"},\"datePublished\":\"2025-02-26T17:01:32+00:00\",\"dateModified\":\"2025-03-20T08:38:44+00:00\",\"breadcrumb\":{\"@id\":\"https:\\\/\\\/bateau-ivre.fr\\\/poitiers\\\/accueil\\\/events-by-le-bateau-ivre-traiteur\\\/#breadcrumb\"},\"inLanguage\":\"fr-FR\",\"potentialAction\":[{\"@type\":\"ReadAction\",\"target\":[\"https:\\\/\\\/bateau-ivre.fr\\\/poitiers\\\/accueil\\\/events-by-le-bateau-ivre-traiteur\\\/\"]}]},{\"@type\":\"BreadcrumbList\",\"@id\":\"https:\\\/\\\/bateau-ivre.fr\\\/poitiers\\\/accueil\\\/events-by-le-bateau-ivre-traiteur\\\/#breadcrumb\",\"itemListElement\":[{\"@type\":\"ListItem\",\"position\":1,\"name\":\"Accueil\",\"item\":\"https:\\\/\\\/bateau-ivre.fr\\\/poitiers\\\/\"},{\"@type\":\"ListItem\",\"position\":2,\"name\":\"accueil\",\"item\":\"https:\\\/\\\/bateau-ivre.fr\\\/poitiers\\\/\"},{\"@type\":\"ListItem\",\"position\":3,\"name\":\"Events by LE BATEAU IVRE Traiteur\"}]},{\"@type\":\"WebSite\",\"@id\":\"https:\\\/\\\/bateau-ivre.fr\\\/poitiers\\\/#website\",\"url\":\"https:\\\/\\\/bateau-ivre.fr\\\/poitiers\\\/\",\"name\":\"Le Bateau Ivre Poitiers\",\"description\":\"Un site utilisant Sites Bateau Ivre\",\"potentialAction\":[{\"@type\":\"SearchAction\",\"target\":{\"@type\":\"EntryPoint\",\"urlTemplate\":\"https:\\\/\\\/bateau-ivre.fr\\\/poitiers\\\/?s={search_term_string}\"},\"query-input\":{\"@type\":\"PropertyValueSpecification\",\"valueRequired\":true,\"valueName\":\"search_term_string\"}}],\"inLanguage\":\"fr-FR\"}]}<\/script>\n<!-- \/ Yoast SEO plugin. -->","yoast_head_json":{"title":"Events by LE BATEAU IVRE Traiteur - Le Bateau Ivre Poitiers","robots":{"index":"index","follow":"follow","max-snippet":"max-snippet:-1","max-image-preview":"max-image-preview:large","max-video-preview":"max-video-preview:-1"},"canonical":"https:\/\/bateau-ivre.fr\/poitiers\/accueil\/events-by-le-bateau-ivre-traiteur\/","og_locale":"fr_FR","og_type":"article","og_title":"Events by LE BATEAU IVRE Traiteur - Le Bateau Ivre Poitiers","og_description":"[vc_row][vc_column width=&#8221;1\/2&#8243;][vc_single_image image=&#8221;689&#8243; img_size=&#8221;full&#8221; alignment=&#8221;center&#8221;][\/vc_column][vc_column width=&#8221;1\/2&#8243;][vc_column_text] D\u00e9couvrez l&#8217;exp\u00e9rience culinaire de Le Bateau Ivre, disponible pour vos \u00e9v\u00e9nements avec un service [&hellip;]","og_url":"https:\/\/bateau-ivre.fr\/poitiers\/accueil\/events-by-le-bateau-ivre-traiteur\/","og_site_name":"Le Bateau Ivre Poitiers","article_modified_time":"2025-03-20T08:38:44+00:00","twitter_card":"summary_large_image","twitter_misc":{"Dur\u00e9e de lecture estim\u00e9e":"1 minute"},"schema":{"@context":"https:\/\/schema.org","@graph":[{"@type":"WebPage","@id":"https:\/\/bateau-ivre.fr\/poitiers\/accueil\/events-by-le-bateau-ivre-traiteur\/","url":"https:\/\/bateau-ivre.fr\/poitiers\/accueil\/events-by-le-bateau-ivre-traiteur\/","name":"Events by LE BATEAU IVRE Traiteur - Le Bateau Ivre Poitiers","isPartOf":{"@id":"https:\/\/bateau-ivre.fr\/poitiers\/#website"},"datePublished":"2025-02-26T17:01:32+00:00","dateModified":"2025-03-20T08:38:44+00:00","breadcrumb":{"@id":"https:\/\/bateau-ivre.fr\/poitiers\/accueil\/events-by-le-bateau-ivre-traiteur\/#breadcrumb"},"inLanguage":"fr-FR","potentialAction":[{"@type":"ReadAction","target":["https:\/\/bateau-ivre.fr\/poitiers\/accueil\/events-by-le-bateau-ivre-traiteur\/"]}]},{"@type":"BreadcrumbList","@id":"https:\/\/bateau-ivre.fr\/poitiers\/accueil\/events-by-le-bateau-ivre-traiteur\/#breadcrumb","itemListElement":[{"@type":"ListItem","position":1,"name":"Accueil","item":"https:\/\/bateau-ivre.fr\/poitiers\/"},{"@type":"ListItem","position":2,"name":"accueil","item":"https:\/\/bateau-ivre.fr\/poitiers\/"},{"@type":"ListItem","position":3,"name":"Events by LE BATEAU IVRE Traiteur"}]},{"@type":"WebSite","@id":"https:\/\/bateau-ivre.fr\/poitiers\/#website","url":"https:\/\/bateau-ivre.fr\/poitiers\/","name":"Le Bateau Ivre Poitiers","description":"Un site utilisant Sites Bateau Ivre","potentialAction":[{"@type":"SearchAction","target":{"@type":"EntryPoint","urlTemplate":"https:\/\/bateau-ivre.fr\/poitiers\/?s={search_term_string}"},"query-input":{"@type":"PropertyValueSpecification","valueRequired":true,"valueName":"search_term_string"}}],"inLanguage":"fr-FR"}]}},"_links":{"self":[{"href":"https:\/\/bateau-ivre.fr\/poitiers\/wp-json\/wp\/v2\/pages\/649","targetHints":{"allow":["GET"]}}],"collection":[{"href":"https:\/\/bateau-ivre.fr\/poitiers\/wp-json\/wp\/v2\/pages"}],"about":[{"href":"https:\/\/bateau-ivre.fr\/poitiers\/wp-json\/wp\/v2\/types\/page"}],"author":[{"embeddable":true,"href":"https:\/\/bateau-ivre.fr\/poitiers\/wp-json\/wp\/v2\/users\/6"}],"replies":[{"embeddable":true,"href":"https:\/\/bateau-ivre.fr\/poitiers\/wp-json\/wp\/v2\/comments?post=649"}],"version-history":[{"count":32,"href":"https:\/\/bateau-ivre.fr\/poitiers\/wp-json\/wp\/v2\/pages\/649\/revisions"}],"predecessor-version":[{"id":726,"href":"https:\/\/bateau-ivre.fr\/poitiers\/wp-json\/wp\/v2\/pages\/649\/revisions\/726"}],"up":[{"embeddable":true,"href":"https:\/\/bateau-ivre.fr\/poitiers\/wp-json\/wp\/v2\/pages\/6"}],"wp:attachment":[{"href":"https:\/\/bateau-ivre.fr\/poitiers\/wp-json\/wp\/v2\/media?parent=649"}],"curies":[{"name":"wp","href":"https:\/\/api.w.org\/{rel}","templated":true}]}}